{"id":4893,"date":"2025-02-13T03:11:03","date_gmt":"2025-02-13T03:11:03","guid":{"rendered":"https:\/\/sonidoraiz.com\/?page_id=4893"},"modified":"2025-02-14T00:02:34","modified_gmt":"2025-02-14T00:02:34","slug":"formacion-suscripcion-listado","status":"publish","type":"page","link":"https:\/\/sonidoraiz.com\/es\/formacion-suscripcion-listado\/","title":{"rendered":"Formacion SonidoRa\u00edz 2025 mailist"},"content":{"rendered":"\t\t<div data-elementor-type=\"wp-page\" data-elementor-id=\"4893\" class=\"elementor elementor-4893\" data-elementor-post-type=\"page\">\n\t\t\t\t<div class=\"elementor-element elementor-element-76be614 e-flex e-con-boxed e-con e-parent\" data-id=\"76be614\" data-element_type=\"container\" data-settings=\"{&quot;background_background&quot;:&quot;classic&quot;,&quot;background_motion_fx_motion_fx_mouse&quot;:&quot;yes&quot;,&quot;background_motion_fx_mouseTrack_effect&quot;:&quot;yes&quot;,&quot;shape_divider_top&quot;:&quot;mountains&quot;,&quot;shape_divider_bottom&quot;:&quot;mountains&quot;,&quot;background_motion_fx_mouseTrack_speed&quot;:{&quot;unit&quot;:&quot;px&quot;,&quot;size&quot;:1,&quot;sizes&quot;:[]},&quot;_ha_eqh_enable&quot;:false}\">\n\t\t\t\t\t<div class=\"e-con-inner\">\n\t\t\t\t<div class=\"elementor-shape elementor-shape-top\" data-negative=\"false\">\n\t\t\t<svg xmlns=\"http:\/\/www.w3.org\/2000\/svg\" viewBox=\"0 0 1000 100\" preserveAspectRatio=\"none\">\n\t<path class=\"elementor-shape-fill\" opacity=\"0.33\" d=\"M473,67.3c-203.9,88.3-263.1-34-320.3,0C66,119.1,0,59.7,0,59.7V0h1000v59.7 c0,0-62.1,26.1-94.9,29.3c-32.8,3.3-62.8-12.3-75.8-22.1C806,49.6,745.3,8.7,694.9,4.7S492.4,59,473,67.3z\"\/>\n\t<path class=\"elementor-shape-fill\" opacity=\"0.66\" d=\"M734,67.3c-45.5,0-77.2-23.2-129.1-39.1c-28.6-8.7-150.3-10.1-254,39.1 s-91.7-34.4-149.2,0C115.7,118.3,0,39.8,0,39.8V0h1000v36.5c0,0-28.2-18.5-92.1-18.5C810.2,18.1,775.7,67.3,734,67.3z\"\/>\n\t<path class=\"elementor-shape-fill\" d=\"M766.1,28.9c-200-57.5-266,65.5-395.1,19.5C242,1.8,242,5.4,184.8,20.6C128,35.8,132.3,44.9,89.9,52.5C28.6,63.7,0,0,0,0 h1000c0,0-9.9,40.9-83.6,48.1S829.6,47,766.1,28.9z\"\/>\n<\/svg>\t\t<\/div>\n\t\t\t\t<div class=\"elementor-shape elementor-shape-bottom\" data-negative=\"false\">\n\t\t\t<svg xmlns=\"http:\/\/www.w3.org\/2000\/svg\" viewBox=\"0 0 1000 100\" preserveAspectRatio=\"none\">\n\t<path class=\"elementor-shape-fill\" opacity=\"0.33\" d=\"M473,67.3c-203.9,88.3-263.1-34-320.3,0C66,119.1,0,59.7,0,59.7V0h1000v59.7 c0,0-62.1,26.1-94.9,29.3c-32.8,3.3-62.8-12.3-75.8-22.1C806,49.6,745.3,8.7,694.9,4.7S492.4,59,473,67.3z\"\/>\n\t<path class=\"elementor-shape-fill\" opacity=\"0.66\" d=\"M734,67.3c-45.5,0-77.2-23.2-129.1-39.1c-28.6-8.7-150.3-10.1-254,39.1 s-91.7-34.4-149.2,0C115.7,118.3,0,39.8,0,39.8V0h1000v36.5c0,0-28.2-18.5-92.1-18.5C810.2,18.1,775.7,67.3,734,67.3z\"\/>\n\t<path class=\"elementor-shape-fill\" d=\"M766.1,28.9c-200-57.5-266,65.5-395.1,19.5C242,1.8,242,5.4,184.8,20.6C128,35.8,132.3,44.9,89.9,52.5C28.6,63.7,0,0,0,0 h1000c0,0-9.9,40.9-83.6,48.1S829.6,47,766.1,28.9z\"\/>\n<\/svg>\t\t<\/div>\n\t\t\t\t<div class=\"elementor-element elementor-element-d866b21 elementor-invisible elementor-widget elementor-widget-heading\" data-id=\"d866b21\" data-element_type=\"widget\" data-settings=\"{&quot;_animation&quot;:&quot;pulse&quot;}\" data-widget_type=\"heading.default\">\n\t\t\t\t<div class=\"elementor-widget-container\">\n\t\t\t<h2 class=\"elementor-heading-title elementor-size-default\">\u00bfQu\u00e9 es el m\u00e9todo Sonido Ra\u00edz\u00ae <\/h2>\t\t<\/div>\n\t\t\t\t<\/div>\n\t\t\t\t<div class=\"elementor-element elementor-element-ffbeffe elementor-widget elementor-widget-text-editor\" data-id=\"ffbeffe\" data-element_type=\"widget\" data-widget_type=\"text-editor.default\">\n\t\t\t\t<div class=\"elementor-widget-container\">\n\t\t\t\t\t\t\t<p>Es una metodolog\u00eda terap\u00e9utica con foco en el autoconocimiento, de aplicaci\u00f3n som\u00e1tica, que integra tres pilares fundamentales: la respiraci\u00f3n consciente, la terapia vibracional y sonora y la Medicina Tradicional China.<\/p>\t\t\t\t\t\t<\/div>\n\t\t\t\t<\/div>\n\t\t\t\t\t<\/div>\n\t\t\t\t<\/div>\n\t\t<div class=\"elementor-element elementor-element-74afc0c e-flex e-con-boxed e-con e-parent\" data-id=\"74afc0c\" data-element_type=\"container\" data-settings=\"{&quot;background_background&quot;:&quot;classic&quot;,&quot;_ha_eqh_enable&quot;:false}\">\n\t\t\t\t\t<div class=\"e-con-inner\">\n\t\t<div class=\"elementor-element elementor-element-add2ca2 e-flex e-con-boxed e-con e-child\" data-id=\"add2ca2\" data-element_type=\"container\" data-settings=\"{&quot;animation&quot;:&quot;none&quot;,&quot;_ha_eqh_enable&quot;:false}\">\n\t\t\t\t\t<div class=\"e-con-inner\">\n\t\t<div class=\"elementor-element elementor-element-9b9b7c5 e-flex e-con-boxed elementor-invisible e-con e-child\" data-id=\"9b9b7c5\" data-element_type=\"container\" data-settings=\"{&quot;animation&quot;:&quot;bounceInLeft&quot;,&quot;animation_mobile&quot;:&quot;zoomIn&quot;,&quot;_ha_eqh_enable&quot;:false}\">\n\t\t\t\t\t<div class=\"e-con-inner\">\n\t\t\t\t<div class=\"elementor-element elementor-element-c210cd1 elementor-widget elementor-widget-heading\" data-id=\"c210cd1\" data-element_type=\"widget\" data-widget_type=\"heading.default\">\n\t\t\t\t<div class=\"elementor-widget-container\">\n\t\t\t<h2 class=\"elementor-heading-title elementor-size-default\">\u00bfTe gustar\u00eda conocer m\u00e1s sobre esta propuesta?<\/h2>\t\t<\/div>\n\t\t\t\t<\/div>\n\t\t\t\t<div class=\"elementor-element elementor-element-40436e6 elementor-widget elementor-widget-text-editor\" data-id=\"40436e6\" data-element_type=\"widget\" data-widget_type=\"text-editor.default\">\n\t\t\t\t<div class=\"elementor-widget-container\">\n\t\t\t\t\t\t\t<p>Unite a nuestro <strong>NEWSLETTER<\/strong> para recibir informaci\u00f3n y acceder al listado de espera para enterarte primer@ de las fechas de inscripci\u00f3n 2025.<\/p>\t\t\t\t\t\t<\/div>\n\t\t\t\t<\/div>\n\t\t\t\t<div class=\"elementor-element elementor-element-7c8c8e5 elementor-widget elementor-widget-wpforms\" data-id=\"7c8c8e5\" data-element_type=\"widget\" data-widget_type=\"wpforms.default\">\n\t\t\t\t<div class=\"elementor-widget-container\">\n\t\t\t<style id=\"wpforms-css-vars-elementor-widget-7c8c8e5\">\n\t\t\t\t.elementor-widget-wpforms.elementor-element-7c8c8e5 {\n\t\t\t\t--wpforms-button-background-color: #d2b4ae;\n\t\t\t}\n\t\t\t<\/style><div class=\"wpforms-container wpforms-container-full wpforms-render-modern\" id=\"wpforms-771\"><form id=\"wpforms-form-771\" class=\"wpforms-validate wpforms-form wpforms-ajax-form\" data-formid=\"771\" method=\"post\" enctype=\"multipart\/form-data\" action=\"\/es\/wp-json\/wp\/v2\/pages\/4893\" data-token=\"2ce758c884e08066bc015f9fb07ff9db\" data-token-time=\"1777496603\"><noscript class=\"wpforms-error-noscript\">Por favor, activa JavaScript en tu navegador para completar este formulario.<\/noscript><div id=\"wpforms-error-noscript\" style=\"display: none;\">Por favor, activa JavaScript en tu navegador para completar este formulario.<\/div><div class=\"wpforms-field-container\"><div id=\"wpforms-771-field_1-container\" class=\"wpforms-field wpforms-field-name wpforms-one-half wpforms-first wpforms-firstwpforms-one-third\" data-field-id=\"1\"><label class=\"wpforms-field-label\" for=\"wpforms-771-field_1\">Nombre <span class=\"wpforms-required-label\" aria-hidden=\"true\">*<\/span><\/label><input type=\"text\" id=\"wpforms-771-field_1\" class=\"wpforms-field-large wpforms-field-required\" name=\"wpforms[fields][1]\" aria-errormessage=\"wpforms-771-field_1-error\" required><\/div><div id=\"wpforms-771-field_2-container\" class=\"wpforms-field wpforms-field-email wpforms-one-half wpforms-one-halfwpforms-one-third\" data-field-id=\"2\"><label class=\"wpforms-field-label\" for=\"wpforms-771-field_2\">Email <span class=\"wpforms-required-label\" aria-hidden=\"true\">*<\/span><\/label><input type=\"email\" id=\"wpforms-771-field_2\" class=\"wpforms-field-large wpforms-field-required\" data-rule-restricted-email=\"1\" name=\"wpforms[fields][2]\" spellcheck=\"false\" aria-errormessage=\"wpforms-771-field_2-error\" required><\/div><\/div><!-- .wpforms-field-container --><div class=\"wpforms-submit-container\" ><input type=\"hidden\" name=\"wpforms[id]\" value=\"771\"><input type=\"hidden\" name=\"page_title\" value=\"\"><input type=\"hidden\" name=\"page_url\" value=\"https:\/\/sonidoraiz.com\/es\/wp-json\/wp\/v2\/pages\/4893\"><input type=\"hidden\" name=\"url_referer\" value=\"\"><button type=\"submit\" name=\"wpforms[submit]\" id=\"wpforms-submit-771\" class=\"wpforms-submit\" data-alt-text=\"Enviando...\" data-submit-text=\"Enviar\" aria-live=\"assertive\" value=\"wpforms-submit\">Enviar<\/button><img decoding=\"async\" src=\"https:\/\/sonidoraiz.com\/wp-content\/plugins\/wpforms-lite\/assets\/images\/submit-spin.svg\" class=\"wpforms-submit-spinner\" style=\"display: none;\" width=\"26\" height=\"26\" alt=\"Cargando\"><\/div><\/form><\/div>  <!-- .wpforms-container -->\t\t<\/div>\n\t\t\t\t<\/div>\n\t\t\t\t\t<\/div>\n\t\t\t\t<\/div>\n\t\t\t\t\t<\/div>\n\t\t\t\t<\/div>\n\t\t\t\t\t<\/div>\n\t\t\t\t<\/div>\n\t\t\t\t<\/div>\n\t\t","protected":false},"excerpt":{"rendered":"<p>\u00bfQu\u00e9 es el m\u00e9todo Sonido Ra\u00edz\u00ae Es una metodolog\u00eda terap\u00e9utica con foco en el autoconocimiento, de aplicaci\u00f3n som\u00e1tica, que integra [&hellip;]<\/p>\n","protected":false},"author":1,"featured_media":0,"parent":0,"menu_order":0,"comment_status":"closed","ping_status":"closed","template":"","meta":{"site-sidebar-layout":"no-sidebar","site-content-layout":"","ast-site-content-layout":"full-width-container","site-content-style":"default","site-sidebar-style":"default","ast-global-header-display":"","ast-banner-title-visibility":"","ast-main-header-display":"","ast-hfb-above-header-display":"","ast-hfb-below-header-display":"","ast-hfb-mobile-header-display":"","site-post-title":"disabled","ast-breadcrumbs-content":"","ast-featured-img":"disabled","footer-sml-layout":"","theme-transparent-header-meta":"","adv-header-id-meta":"","stick-header-meta":"","header-above-stick-meta":"","header-main-stick-meta":"","header-below-stick-meta":"","astra-migrate-meta-layouts":"default","ast-page-background-enabled":"default","ast-page-background-meta":{"desktop":{"background-color":"var(--ast-global-color-4)","background-image":"","background-repeat":"repeat","background-position":"center center","background-size":"auto","background-attachment":"scroll","background-type":"","background-media":"","overlay-type":"","overlay-color":"","overlay-opacity":"","overlay-gradient":""},"tablet":{"background-color":"","background-image":"","background-repeat":"repeat","background-position":"center center","background-size":"auto","background-attachment":"scroll","background-type":"","background-media":"","overlay-type":"","overlay-color":"","overlay-opacity":"","overlay-gradient":""},"mobile":{"background-color":"","background-image":"","background-repeat":"repeat","background-position":"center center","background-size":"auto","background-attachment":"scroll","background-type":"","background-media":"","overlay-type":"","overlay-color":"","overlay-opacity":"","overlay-gradient":""}},"ast-content-background-meta":{"desktop":{"background-color":"var(--ast-global-color-5)","background-image":"","background-repeat":"repeat","background-position":"center center","background-size":"auto","background-attachment":"scroll","background-type":"","background-media":"","overlay-type":"","overlay-color":"","overlay-opacity":"","overlay-gradient":""},"tablet":{"background-color":"var(--ast-global-color-5)","background-image":"","background-repeat":"repeat","background-position":"center center","background-size":"auto","background-attachment":"scroll","background-type":"","background-media":"","overlay-type":"","overlay-color":"","overlay-opacity":"","overlay-gradient":""},"mobile":{"background-color":"var(--ast-global-color-5)","background-image":"","background-repeat":"repeat","background-position":"center center","background-size":"auto","background-attachment":"scroll","background-type":"","background-media":"","overlay-type":"","overlay-color":"","overlay-opacity":"","overlay-gradient":""}},"footnotes":""},"class_list":["post-4893","page","type-page","status-publish","hentry"],"yoast_head":"<!-- This site is optimized with the Yoast SEO plugin v23.8 - https:\/\/yoast.com\/wordpress\/plugins\/seo\/ -->\n<title>Formacion SonidoRa\u00edz 2025 mailist - Sonido Ra\u00edz<\/title>\n<meta name=\"robots\" content=\"index, follow, max-snippet:-1, max-image-preview:large, max-video-preview:-1\" \/>\n<link rel=\"canonical\" href=\"https:\/\/sonidoraiz.com\/es\/formacion-suscripcion-listado\/\" \/>\n<meta property=\"og:locale\" content=\"es_ES\" \/>\n<meta property=\"og:type\" content=\"article\" \/>\n<meta property=\"og:title\" content=\"Formacion SonidoRa\u00edz 2025 mailist - Sonido Ra\u00edz\" \/>\n<meta property=\"og:description\" content=\"\u00bfQu\u00e9 es el m\u00e9todo Sonido Ra\u00edz\u00ae Es una metodolog\u00eda terap\u00e9utica con foco en el autoconocimiento, de aplicaci\u00f3n som\u00e1tica, que integra [&hellip;]\" \/>\n<meta property=\"og:url\" content=\"https:\/\/sonidoraiz.com\/es\/formacion-suscripcion-listado\/\" \/>\n<meta property=\"og:site_name\" content=\"Sonido Ra\u00edz\" \/>\n<meta property=\"article:publisher\" content=\"https:\/\/www.tiktok.com\/@sonidoraiz\" \/>\n<meta property=\"article:modified_time\" content=\"2025-02-14T00:02:34+00:00\" \/>\n<meta property=\"og:image\" content=\"https:\/\/sonidoraiz.com\/wp-content\/plugins\/wpforms-lite\/assets\/images\/submit-spin.svg\" \/>\n<meta name=\"twitter:card\" content=\"summary_large_image\" \/>\n<meta name=\"twitter:label1\" content=\"Tiempo de lectura\" \/>\n\t<meta name=\"twitter:data1\" content=\"1 minuto\" \/>\n<script type=\"application\/ld+json\" class=\"yoast-schema-graph\">{\"@context\":\"https:\/\/schema.org\",\"@graph\":[{\"@type\":\"WebPage\",\"@id\":\"https:\/\/sonidoraiz.com\/es\/formacion-suscripcion-listado\/\",\"url\":\"https:\/\/sonidoraiz.com\/es\/formacion-suscripcion-listado\/\",\"name\":\"Formacion SonidoRa\u00edz 2025 mailist - Sonido Ra\u00edz\",\"isPartOf\":{\"@id\":\"https:\/\/sonidoraiz.com\/es\/#website\"},\"primaryImageOfPage\":{\"@id\":\"https:\/\/sonidoraiz.com\/es\/formacion-suscripcion-listado\/#primaryimage\"},\"image\":{\"@id\":\"https:\/\/sonidoraiz.com\/es\/formacion-suscripcion-listado\/#primaryimage\"},\"thumbnailUrl\":\"https:\/\/sonidoraiz.com\/wp-content\/plugins\/wpforms-lite\/assets\/images\/submit-spin.svg\",\"datePublished\":\"2025-02-13T03:11:03+00:00\",\"dateModified\":\"2025-02-14T00:02:34+00:00\",\"breadcrumb\":{\"@id\":\"https:\/\/sonidoraiz.com\/es\/formacion-suscripcion-listado\/#breadcrumb\"},\"inLanguage\":\"es\",\"potentialAction\":[{\"@type\":\"ReadAction\",\"target\":[\"https:\/\/sonidoraiz.com\/es\/formacion-suscripcion-listado\/\"]}]},{\"@type\":\"ImageObject\",\"inLanguage\":\"es\",\"@id\":\"https:\/\/sonidoraiz.com\/es\/formacion-suscripcion-listado\/#primaryimage\",\"url\":\"https:\/\/sonidoraiz.com\/wp-content\/plugins\/wpforms-lite\/assets\/images\/submit-spin.svg\",\"contentUrl\":\"https:\/\/sonidoraiz.com\/wp-content\/plugins\/wpforms-lite\/assets\/images\/submit-spin.svg\"},{\"@type\":\"BreadcrumbList\",\"@id\":\"https:\/\/sonidoraiz.com\/es\/formacion-suscripcion-listado\/#breadcrumb\",\"itemListElement\":[{\"@type\":\"ListItem\",\"position\":1,\"name\":\"Portada\",\"item\":\"https:\/\/sonidoraiz.com\/es\/\"},{\"@type\":\"ListItem\",\"position\":2,\"name\":\"Formacion SonidoRa\u00edz 2025 mailist\"}]},{\"@type\":\"WebSite\",\"@id\":\"https:\/\/sonidoraiz.com\/es\/#website\",\"url\":\"https:\/\/sonidoraiz.com\/es\/\",\"name\":\"Sonido Raiz\",\"description\":\"Flor Ansaldo - Sonido Raiz - Sonoterapia\",\"publisher\":{\"@id\":\"https:\/\/sonidoraiz.com\/es\/#organization\"},\"inLanguage\":\"es\"},{\"@type\":\"Organization\",\"@id\":\"https:\/\/sonidoraiz.com\/es\/#organization\",\"name\":\"Sonido Raiz\",\"url\":\"https:\/\/sonidoraiz.com\/es\/\",\"logo\":{\"@type\":\"ImageObject\",\"inLanguage\":\"es\",\"@id\":\"https:\/\/sonidoraiz.com\/es\/#\/schema\/logo\/image\/\",\"url\":\"https:\/\/sonidoraiz.com\/wp-content\/uploads\/2024\/03\/logo-header.png\",\"contentUrl\":\"https:\/\/sonidoraiz.com\/wp-content\/uploads\/2024\/03\/logo-header.png\",\"width\":2727,\"height\":1474,\"caption\":\"Sonido Raiz\"},\"image\":{\"@id\":\"https:\/\/sonidoraiz.com\/es\/#\/schema\/logo\/image\/\"},\"sameAs\":[\"https:\/\/www.tiktok.com\/@sonidoraiz\",\"https:\/\/www.instagram.com\/sonidoraiz\"]}]}<\/script>\n<!-- \/ Yoast SEO plugin. -->","yoast_head_json":{"title":"Formacion SonidoRa\u00edz 2025 mailist - Sonido Ra\u00edz","robots":{"index":"index","follow":"follow","max-snippet":"max-snippet:-1","max-image-preview":"max-image-preview:large","max-video-preview":"max-video-preview:-1"},"canonical":"https:\/\/sonidoraiz.com\/es\/formacion-suscripcion-listado\/","og_locale":"es_ES","og_type":"article","og_title":"Formacion SonidoRa\u00edz 2025 mailist - Sonido Ra\u00edz","og_description":"\u00bfQu\u00e9 es el m\u00e9todo Sonido Ra\u00edz\u00ae Es una metodolog\u00eda terap\u00e9utica con foco en el autoconocimiento, de aplicaci\u00f3n som\u00e1tica, que integra [&hellip;]","og_url":"https:\/\/sonidoraiz.com\/es\/formacion-suscripcion-listado\/","og_site_name":"Sonido Ra\u00edz","article_publisher":"https:\/\/www.tiktok.com\/@sonidoraiz","article_modified_time":"2025-02-14T00:02:34+00:00","og_image":[{"url":"https:\/\/sonidoraiz.com\/wp-content\/plugins\/wpforms-lite\/assets\/images\/submit-spin.svg"}],"twitter_card":"summary_large_image","twitter_misc":{"Tiempo de lectura":"1 minuto"},"schema":{"@context":"https:\/\/schema.org","@graph":[{"@type":"WebPage","@id":"https:\/\/sonidoraiz.com\/es\/formacion-suscripcion-listado\/","url":"https:\/\/sonidoraiz.com\/es\/formacion-suscripcion-listado\/","name":"Formacion SonidoRa\u00edz 2025 mailist - Sonido Ra\u00edz","isPartOf":{"@id":"https:\/\/sonidoraiz.com\/es\/#website"},"primaryImageOfPage":{"@id":"https:\/\/sonidoraiz.com\/es\/formacion-suscripcion-listado\/#primaryimage"},"image":{"@id":"https:\/\/sonidoraiz.com\/es\/formacion-suscripcion-listado\/#primaryimage"},"thumbnailUrl":"https:\/\/sonidoraiz.com\/wp-content\/plugins\/wpforms-lite\/assets\/images\/submit-spin.svg","datePublished":"2025-02-13T03:11:03+00:00","dateModified":"2025-02-14T00:02:34+00:00","breadcrumb":{"@id":"https:\/\/sonidoraiz.com\/es\/formacion-suscripcion-listado\/#breadcrumb"},"inLanguage":"es","potentialAction":[{"@type":"ReadAction","target":["https:\/\/sonidoraiz.com\/es\/formacion-suscripcion-listado\/"]}]},{"@type":"ImageObject","inLanguage":"es","@id":"https:\/\/sonidoraiz.com\/es\/formacion-suscripcion-listado\/#primaryimage","url":"https:\/\/sonidoraiz.com\/wp-content\/plugins\/wpforms-lite\/assets\/images\/submit-spin.svg","contentUrl":"https:\/\/sonidoraiz.com\/wp-content\/plugins\/wpforms-lite\/assets\/images\/submit-spin.svg"},{"@type":"BreadcrumbList","@id":"https:\/\/sonidoraiz.com\/es\/formacion-suscripcion-listado\/#breadcrumb","itemListElement":[{"@type":"ListItem","position":1,"name":"Portada","item":"https:\/\/sonidoraiz.com\/es\/"},{"@type":"ListItem","position":2,"name":"Formacion SonidoRa\u00edz 2025 mailist"}]},{"@type":"WebSite","@id":"https:\/\/sonidoraiz.com\/es\/#website","url":"https:\/\/sonidoraiz.com\/es\/","name":"Sonido Raiz","description":"Flor Ansaldo - Sonido Raiz - Sonoterapia","publisher":{"@id":"https:\/\/sonidoraiz.com\/es\/#organization"},"inLanguage":"es"},{"@type":"Organization","@id":"https:\/\/sonidoraiz.com\/es\/#organization","name":"Sonido Raiz","url":"https:\/\/sonidoraiz.com\/es\/","logo":{"@type":"ImageObject","inLanguage":"es","@id":"https:\/\/sonidoraiz.com\/es\/#\/schema\/logo\/image\/","url":"https:\/\/sonidoraiz.com\/wp-content\/uploads\/2024\/03\/logo-header.png","contentUrl":"https:\/\/sonidoraiz.com\/wp-content\/uploads\/2024\/03\/logo-header.png","width":2727,"height":1474,"caption":"Sonido Raiz"},"image":{"@id":"https:\/\/sonidoraiz.com\/es\/#\/schema\/logo\/image\/"},"sameAs":["https:\/\/www.tiktok.com\/@sonidoraiz","https:\/\/www.instagram.com\/sonidoraiz"]}]}},"_links":{"self":[{"href":"https:\/\/sonidoraiz.com\/es\/wp-json\/wp\/v2\/pages\/4893","targetHints":{"allow":["GET"]}}],"collection":[{"href":"https:\/\/sonidoraiz.com\/es\/wp-json\/wp\/v2\/pages"}],"about":[{"href":"https:\/\/sonidoraiz.com\/es\/wp-json\/wp\/v2\/types\/page"}],"author":[{"embeddable":true,"href":"https:\/\/sonidoraiz.com\/es\/wp-json\/wp\/v2\/users\/1"}],"replies":[{"embeddable":true,"href":"https:\/\/sonidoraiz.com\/es\/wp-json\/wp\/v2\/comments?post=4893"}],"version-history":[{"count":29,"href":"https:\/\/sonidoraiz.com\/es\/wp-json\/wp\/v2\/pages\/4893\/revisions"}],"predecessor-version":[{"id":5039,"href":"https:\/\/sonidoraiz.com\/es\/wp-json\/wp\/v2\/pages\/4893\/revisions\/5039"}],"wp:attachment":[{"href":"https:\/\/sonidoraiz.com\/es\/wp-json\/wp\/v2\/media?parent=4893"}],"curies":[{"name":"wp","href":"https:\/\/api.w.org\/{rel}","templated":true}]}}