{"id":8,"date":"2024-03-08T02:30:50","date_gmt":"2024-03-08T02:30:50","guid":{"rendered":"http:\/\/sonidoraiz.local\/carrito\/"},"modified":"2024-04-26T23:12:45","modified_gmt":"2024-04-26T23:12:45","slug":"carrito","status":"publish","type":"page","link":"https:\/\/sonidoraiz.com\/es\/carrito\/","title":{"rendered":"Carrito"},"content":{"rendered":"\t\t<div data-elementor-type=\"wp-page\" data-elementor-id=\"8\" class=\"elementor elementor-8\" data-elementor-post-type=\"page\">\n\t\t\t\t<div class=\"elementor-element elementor-element-731ac97 e-con-full e-flex e-con e-parent\" data-id=\"731ac97\" data-element_type=\"container\" data-settings=\"{&quot;background_background&quot;:&quot;classic&quot;,&quot;_ha_eqh_enable&quot;:false}\">\n\t\t\t\t<div class=\"elementor-element elementor-element-e81b3ac elementor-widget elementor-widget-heading\" data-id=\"e81b3ac\" data-element_type=\"widget\" data-widget_type=\"heading.default\">\n\t\t\t\t<div class=\"elementor-widget-container\">\n\t\t\t<h4 class=\"elementor-heading-title elementor-size-default\">Mi Carrito<\/h4>\t\t<\/div>\n\t\t\t\t<\/div>\n\t\t\t\t<\/div>\n\t\t<div class=\"elementor-element elementor-element-e46325c e-flex e-con-boxed e-con e-parent\" data-id=\"e46325c\" data-element_type=\"container\" data-settings=\"{&quot;_ha_eqh_enable&quot;:false}\">\n\t\t\t\t\t<div class=\"e-con-inner\">\n\t\t\t\t\t<\/div>\n\t\t\t\t<\/div>\n\t\t\t\t<\/div>\n\t\t","protected":false},"excerpt":{"rendered":"<p>Mi Carrito Eliminar art\u00edculo Imagen en miniatura Producto Precio Cantidad Subtotal La Ra\u00edz de mi Voz &#36;&nbsp;122,00 La Ra\u00edz de [&hellip;]<\/p>\n","protected":false},"author":1,"featured_media":0,"parent":0,"menu_order":0,"comment_status":"closed","ping_status":"closed","template":"","meta":{"site-sidebar-layout":"default","site-content-layout":"","ast-site-content-layout":"","site-content-style":"default","site-sidebar-style":"default","ast-global-header-display":"","ast-banner-title-visibility":"","ast-main-header-display":"","ast-hfb-above-header-display":"","ast-hfb-below-header-display":"","ast-hfb-mobile-header-display":"","site-post-title":"","ast-breadcrumbs-content":"","ast-featured-img":"","footer-sml-layout":"","theme-transparent-header-meta":"","adv-header-id-meta":"","stick-header-meta":"","header-above-stick-meta":"","header-main-stick-meta":"","header-below-stick-meta":"","astra-migrate-meta-layouts":"default","ast-page-background-enabled":"default","ast-page-background-meta":{"desktop":{"background-color":"var(--ast-global-color-4)","background-image":"","background-repeat":"repeat","background-position":"center center","background-size":"auto","background-attachment":"scroll","background-type":"","background-media":"","overlay-type":"","overlay-color":"","overlay-opacity":"","overlay-gradient":""},"tablet":{"background-color":"","background-image":"","background-repeat":"repeat","background-position":"center center","background-size":"auto","background-attachment":"scroll","background-type":"","background-media":"","overlay-type":"","overlay-color":"","overlay-opacity":"","overlay-gradient":""},"mobile":{"background-color":"","background-image":"","background-repeat":"repeat","background-position":"center center","background-size":"auto","background-attachment":"scroll","background-type":"","background-media":"","overlay-type":"","overlay-color":"","overlay-opacity":"","overlay-gradient":""}},"ast-content-background-meta":{"desktop":{"background-color":"var(--ast-global-color-5)","background-image":"","background-repeat":"repeat","background-position":"center center","background-size":"auto","background-attachment":"scroll","background-type":"","background-media":"","overlay-type":"","overlay-color":"","overlay-opacity":"","overlay-gradient":""},"tablet":{"background-color":"var(--ast-global-color-5)","background-image":"","background-repeat":"repeat","background-position":"center center","background-size":"auto","background-attachment":"scroll","background-type":"","background-media":"","overlay-type":"","overlay-color":"","overlay-opacity":"","overlay-gradient":""},"mobile":{"background-color":"var(--ast-global-color-5)","background-image":"","background-repeat":"repeat","background-position":"center center","background-size":"auto","background-attachment":"scroll","background-type":"","background-media":"","overlay-type":"","overlay-color":"","overlay-opacity":"","overlay-gradient":""}},"footnotes":""},"class_list":["post-8","page","type-page","status-publish","hentry"],"yoast_head":"<!-- This site is optimized with the Yoast SEO plugin v23.8 - https:\/\/yoast.com\/wordpress\/plugins\/seo\/ -->\n<title>Carrito - Sonido Ra\u00edz<\/title>\n<meta name=\"robots\" content=\"index, follow, max-snippet:-1, max-image-preview:large, max-video-preview:-1\" \/>\n<link rel=\"canonical\" href=\"https:\/\/sonidoraiz.com\/es\/carrito\/\" \/>\n<meta property=\"og:locale\" content=\"es_ES\" \/>\n<meta property=\"og:type\" content=\"article\" \/>\n<meta property=\"og:title\" content=\"Carrito - Sonido Ra\u00edz\" \/>\n<meta property=\"og:description\" content=\"Mi Carrito Eliminar art\u00edculo Imagen en miniatura Producto Precio Cantidad Subtotal La Ra\u00edz de mi Voz &#036;&nbsp;122,00 La Ra\u00edz de [&hellip;]\" \/>\n<meta property=\"og:url\" content=\"https:\/\/sonidoraiz.com\/es\/carrito\/\" \/>\n<meta property=\"og:site_name\" content=\"Sonido Ra\u00edz\" \/>\n<meta property=\"article:publisher\" content=\"https:\/\/www.tiktok.com\/@sonidoraiz\" \/>\n<meta property=\"article:modified_time\" content=\"2024-04-26T23:12:45+00:00\" \/>\n<meta property=\"og:image\" content=\"https:\/\/sonidoraiz.com\/wp-content\/uploads\/2024\/03\/raiz-de-mi-canto-1-300x300.png\" \/>\n<meta name=\"twitter:card\" content=\"summary_large_image\" \/>\n<script type=\"application\/ld+json\" class=\"yoast-schema-graph\">{\"@context\":\"https:\/\/schema.org\",\"@graph\":[{\"@type\":\"WebPage\",\"@id\":\"https:\/\/sonidoraiz.com\/es\/carrito\/\",\"url\":\"https:\/\/sonidoraiz.com\/es\/carrito\/\",\"name\":\"Carrito - Sonido Ra\u00edz\",\"isPartOf\":{\"@id\":\"https:\/\/sonidoraiz.com\/es\/#website\"},\"primaryImageOfPage\":{\"@id\":\"https:\/\/sonidoraiz.com\/es\/carrito\/#primaryimage\"},\"image\":{\"@id\":\"https:\/\/sonidoraiz.com\/es\/carrito\/#primaryimage\"},\"thumbnailUrl\":\"https:\/\/sonidoraiz.com\/wp-content\/uploads\/2024\/03\/raiz-de-mi-canto-1-300x300.png\",\"datePublished\":\"2024-03-08T02:30:50+00:00\",\"dateModified\":\"2024-04-26T23:12:45+00:00\",\"breadcrumb\":{\"@id\":\"https:\/\/sonidoraiz.com\/es\/carrito\/#breadcrumb\"},\"inLanguage\":\"es\",\"potentialAction\":[{\"@type\":\"ReadAction\",\"target\":[\"https:\/\/sonidoraiz.com\/es\/carrito\/\"]}]},{\"@type\":\"ImageObject\",\"inLanguage\":\"es\",\"@id\":\"https:\/\/sonidoraiz.com\/es\/carrito\/#primaryimage\",\"url\":\"https:\/\/sonidoraiz.com\/wp-content\/uploads\/2024\/03\/raiz-de-mi-canto-1-300x300.png\",\"contentUrl\":\"https:\/\/sonidoraiz.com\/wp-content\/uploads\/2024\/03\/raiz-de-mi-canto-1-300x300.png\"},{\"@type\":\"BreadcrumbList\",\"@id\":\"https:\/\/sonidoraiz.com\/es\/carrito\/#breadcrumb\",\"itemListElement\":[{\"@type\":\"ListItem\",\"position\":1,\"name\":\"Portada\",\"item\":\"https:\/\/sonidoraiz.com\/es\/\"},{\"@type\":\"ListItem\",\"position\":2,\"name\":\"Carrito\"}]},{\"@type\":\"WebSite\",\"@id\":\"https:\/\/sonidoraiz.com\/es\/#website\",\"url\":\"https:\/\/sonidoraiz.com\/es\/\",\"name\":\"Sonido Raiz\",\"description\":\"Flor Ansaldo - Sonido Raiz - Sonoterapia\",\"publisher\":{\"@id\":\"https:\/\/sonidoraiz.com\/es\/#organization\"},\"inLanguage\":\"es\"},{\"@type\":\"Organization\",\"@id\":\"https:\/\/sonidoraiz.com\/es\/#organization\",\"name\":\"Sonido Raiz\",\"url\":\"https:\/\/sonidoraiz.com\/es\/\",\"logo\":{\"@type\":\"ImageObject\",\"inLanguage\":\"es\",\"@id\":\"https:\/\/sonidoraiz.com\/es\/#\/schema\/logo\/image\/\",\"url\":\"https:\/\/sonidoraiz.com\/wp-content\/uploads\/2024\/03\/logo-header.png\",\"contentUrl\":\"https:\/\/sonidoraiz.com\/wp-content\/uploads\/2024\/03\/logo-header.png\",\"width\":2727,\"height\":1474,\"caption\":\"Sonido Raiz\"},\"image\":{\"@id\":\"https:\/\/sonidoraiz.com\/es\/#\/schema\/logo\/image\/\"},\"sameAs\":[\"https:\/\/www.tiktok.com\/@sonidoraiz\",\"https:\/\/www.instagram.com\/sonidoraiz\"]}]}<\/script>\n<!-- \/ Yoast SEO plugin. -->","yoast_head_json":{"title":"Carrito - Sonido Ra\u00edz","robots":{"index":"index","follow":"follow","max-snippet":"max-snippet:-1","max-image-preview":"max-image-preview:large","max-video-preview":"max-video-preview:-1"},"canonical":"https:\/\/sonidoraiz.com\/es\/carrito\/","og_locale":"es_ES","og_type":"article","og_title":"Carrito - Sonido Ra\u00edz","og_description":"Mi Carrito Eliminar art\u00edculo Imagen en miniatura Producto Precio Cantidad Subtotal La Ra\u00edz de mi Voz &#36;&nbsp;122,00 La Ra\u00edz de [&hellip;]","og_url":"https:\/\/sonidoraiz.com\/es\/carrito\/","og_site_name":"Sonido Ra\u00edz","article_publisher":"https:\/\/www.tiktok.com\/@sonidoraiz","article_modified_time":"2024-04-26T23:12:45+00:00","og_image":[{"url":"https:\/\/sonidoraiz.com\/wp-content\/uploads\/2024\/03\/raiz-de-mi-canto-1-300x300.png"}],"twitter_card":"summary_large_image","schema":{"@context":"https:\/\/schema.org","@graph":[{"@type":"WebPage","@id":"https:\/\/sonidoraiz.com\/es\/carrito\/","url":"https:\/\/sonidoraiz.com\/es\/carrito\/","name":"Carrito - Sonido Ra\u00edz","isPartOf":{"@id":"https:\/\/sonidoraiz.com\/es\/#website"},"primaryImageOfPage":{"@id":"https:\/\/sonidoraiz.com\/es\/carrito\/#primaryimage"},"image":{"@id":"https:\/\/sonidoraiz.com\/es\/carrito\/#primaryimage"},"thumbnailUrl":"https:\/\/sonidoraiz.com\/wp-content\/uploads\/2024\/03\/raiz-de-mi-canto-1-300x300.png","datePublished":"2024-03-08T02:30:50+00:00","dateModified":"2024-04-26T23:12:45+00:00","breadcrumb":{"@id":"https:\/\/sonidoraiz.com\/es\/carrito\/#breadcrumb"},"inLanguage":"es","potentialAction":[{"@type":"ReadAction","target":["https:\/\/sonidoraiz.com\/es\/carrito\/"]}]},{"@type":"ImageObject","inLanguage":"es","@id":"https:\/\/sonidoraiz.com\/es\/carrito\/#primaryimage","url":"https:\/\/sonidoraiz.com\/wp-content\/uploads\/2024\/03\/raiz-de-mi-canto-1-300x300.png","contentUrl":"https:\/\/sonidoraiz.com\/wp-content\/uploads\/2024\/03\/raiz-de-mi-canto-1-300x300.png"},{"@type":"BreadcrumbList","@id":"https:\/\/sonidoraiz.com\/es\/carrito\/#breadcrumb","itemListElement":[{"@type":"ListItem","position":1,"name":"Portada","item":"https:\/\/sonidoraiz.com\/es\/"},{"@type":"ListItem","position":2,"name":"Carrito"}]},{"@type":"WebSite","@id":"https:\/\/sonidoraiz.com\/es\/#website","url":"https:\/\/sonidoraiz.com\/es\/","name":"Sonido Raiz","description":"Flor Ansaldo - Sonido Raiz - Sonoterapia","publisher":{"@id":"https:\/\/sonidoraiz.com\/es\/#organization"},"inLanguage":"es"},{"@type":"Organization","@id":"https:\/\/sonidoraiz.com\/es\/#organization","name":"Sonido Raiz","url":"https:\/\/sonidoraiz.com\/es\/","logo":{"@type":"ImageObject","inLanguage":"es","@id":"https:\/\/sonidoraiz.com\/es\/#\/schema\/logo\/image\/","url":"https:\/\/sonidoraiz.com\/wp-content\/uploads\/2024\/03\/logo-header.png","contentUrl":"https:\/\/sonidoraiz.com\/wp-content\/uploads\/2024\/03\/logo-header.png","width":2727,"height":1474,"caption":"Sonido Raiz"},"image":{"@id":"https:\/\/sonidoraiz.com\/es\/#\/schema\/logo\/image\/"},"sameAs":["https:\/\/www.tiktok.com\/@sonidoraiz","https:\/\/www.instagram.com\/sonidoraiz"]}]}},"_links":{"self":[{"href":"https:\/\/sonidoraiz.com\/es\/wp-json\/wp\/v2\/pages\/8","targetHints":{"allow":["GET"]}}],"collection":[{"href":"https:\/\/sonidoraiz.com\/es\/wp-json\/wp\/v2\/pages"}],"about":[{"href":"https:\/\/sonidoraiz.com\/es\/wp-json\/wp\/v2\/types\/page"}],"author":[{"embeddable":true,"href":"https:\/\/sonidoraiz.com\/es\/wp-json\/wp\/v2\/users\/1"}],"replies":[{"embeddable":true,"href":"https:\/\/sonidoraiz.com\/es\/wp-json\/wp\/v2\/comments?post=8"}],"version-history":[{"count":81,"href":"https:\/\/sonidoraiz.com\/es\/wp-json\/wp\/v2\/pages\/8\/revisions"}],"predecessor-version":[{"id":3109,"href":"https:\/\/sonidoraiz.com\/es\/wp-json\/wp\/v2\/pages\/8\/revisions\/3109"}],"wp:attachment":[{"href":"https:\/\/sonidoraiz.com\/es\/wp-json\/wp\/v2\/media?parent=8"}],"curies":[{"name":"wp","href":"https:\/\/api.w.org\/{rel}","templated":true}]}}