{"id":188,"date":"2024-03-09T22:21:59","date_gmt":"2024-03-09T22:21:59","guid":{"rendered":"http:\/\/sonidoraiz.local\/?post_type=product&#038;p=188"},"modified":"2025-10-27T02:46:39","modified_gmt":"2025-10-27T02:46:39","slug":"desafio-meditacion-wu-xing","status":"publish","type":"product","link":"https:\/\/sonidoraiz.com\/es\/producto\/desafio-meditacion-wu-xing\/","title":{"rendered":"Desaf\u00edo 5 D\u00edas de Meditaci\u00f3n Wu Xing"},"content":{"rendered":"<p>Este curso contiene cinco videos con meditaciones sonoras que abordan los Wu Xing (5 elementos, estados o movimientos) de la Medicina Tradicional China y ejercicios de respiraci\u00f3n de activaci\u00f3n y relajaci\u00f3n de la energ\u00eda vital. El objetivo es transitar las 5 emociones principales asociadas a estos elementos, a trav\u00e9s de la escucha pasiva y la respiraci\u00f3n consciente.<\/p>\n","protected":false},"excerpt":{"rendered":"<p>Este curso contiene cinco videos con meditaciones sonoras que abordan los Wu Xing (5 elementos, estados o movimientos) de la Medicina Tradicional China y ejercicios de respiraci\u00f3n de activaci\u00f3n y relajaci\u00f3n de la energ\u00eda vital. El objetivo es transitar las 5 emociones principales asociadas a estos elementos, a trav\u00e9s de la escucha pasiva y la respiraci\u00f3n consciente.<\/p>\n","protected":false},"featured_media":535,"template":"","meta":{"site-sidebar-layout":"default","site-content-layout":"","ast-site-content-layout":"default","site-content-style":"default","site-sidebar-style":"default","ast-global-header-display":"","ast-banner-title-visibility":"","ast-main-header-display":"","ast-hfb-above-header-display":"","ast-hfb-below-header-display":"","ast-hfb-mobile-header-display":"","site-post-title":"","ast-breadcrumbs-content":"","ast-featured-img":"","footer-sml-layout":"","theme-transparent-header-meta":"default","adv-header-id-meta":"","stick-header-meta":"","header-above-stick-meta":"","header-main-stick-meta":"","header-below-stick-meta":"","astra-migrate-meta-layouts":"set","ast-page-background-enabled":"default","ast-page-background-meta":{"desktop":{"background-color":"var(--ast-global-color-4)","background-image":"","background-repeat":"repeat","background-position":"center center","background-size":"auto","background-attachment":"scroll","background-type":"","background-media":"","overlay-type":"","overlay-color":"","overlay-opacity":"","overlay-gradient":""},"tablet":{"background-color":"","background-image":"","background-repeat":"repeat","background-position":"center center","background-size":"auto","background-attachment":"scroll","background-type":"","background-media":"","overlay-type":"","overlay-color":"","overlay-opacity":"","overlay-gradient":""},"mobile":{"background-color":"","background-image":"","background-repeat":"repeat","background-position":"center center","background-size":"auto","background-attachment":"scroll","background-type":"","background-media":"","overlay-type":"","overlay-color":"","overlay-opacity":"","overlay-gradient":""}},"ast-content-background-meta":{"desktop":{"background-color":"var(--ast-global-color-5)","background-image":"","background-repeat":"repeat","background-position":"center center","background-size":"auto","background-attachment":"scroll","background-type":"","background-media":"","overlay-type":"","overlay-color":"","overlay-opacity":"","overlay-gradient":""},"tablet":{"background-color":"var(--ast-global-color-5)","background-image":"","background-repeat":"repeat","background-position":"center center","background-size":"auto","background-attachment":"scroll","background-type":"","background-media":"","overlay-type":"","overlay-color":"","overlay-opacity":"","overlay-gradient":""},"mobile":{"background-color":"var(--ast-global-color-5)","background-image":"","background-repeat":"repeat","background-position":"center center","background-size":"auto","background-attachment":"scroll","background-type":"","background-media":"","overlay-type":"","overlay-color":"","overlay-opacity":"","overlay-gradient":""}}},"product_brand":[],"product_cat":[55,53,54,57,56],"product_tag":[58,65,59,63,64,60,61,62],"class_list":{"0":"post-188","1":"product","2":"type-product","3":"status-publish","4":"has-post-thumbnail","6":"product_cat-cursos","7":"product_cat-meditacion","8":"product_cat-meditaciones","9":"product_cat-meditaciones-sonoras","10":"product_cat-sound-healing","11":"product_tag-5-elementos","12":"product_tag-medicina-china","13":"product_tag-meditacion","14":"product_tag-meditacion-guiada","15":"product_tag-meditacion-sonora","16":"product_tag-meditaciones","17":"product_tag-sound-healing","18":"product_tag-wu-xing","19":"desktop-align-left","20":"tablet-align-left","21":"mobile-align-left","23":"first","24":"instock","25":"virtual","26":"sold-individually","27":"purchasable","28":"product-type-course"},"yoast_head":"<!-- This site is optimized with the Yoast SEO plugin v23.8 - https:\/\/yoast.com\/wordpress\/plugins\/seo\/ -->\n<title>Desaf\u00edo 5 D\u00edas de Meditaci\u00f3n Wu Xing - Sonido Ra\u00edz<\/title>\n<meta name=\"robots\" content=\"index, follow, max-snippet:-1, max-image-preview:large, max-video-preview:-1\" \/>\n<link rel=\"canonical\" href=\"https:\/\/sonidoraiz.com\/es\/producto\/desafio-meditacion-wu-xing\/\" \/>\n<meta property=\"og:locale\" content=\"es_ES\" \/>\n<meta property=\"og:type\" content=\"article\" \/>\n<meta property=\"og:title\" content=\"Desaf\u00edo 5 D\u00edas de Meditaci\u00f3n Wu Xing - Sonido Ra\u00edz\" \/>\n<meta property=\"og:description\" content=\"Este curso contiene cinco videos con meditaciones sonoras que abordan los Wu Xing (5 elementos, estados o movimientos) de la Medicina Tradicional China y ejercicios de respiraci\u00f3n de activaci\u00f3n y relajaci\u00f3n de la energ\u00eda vital. El objetivo es transitar las 5 emociones principales asociadas a estos elementos, a trav\u00e9s de la escucha pasiva y la respiraci\u00f3n consciente.\" \/>\n<meta property=\"og:url\" content=\"https:\/\/sonidoraiz.com\/es\/producto\/desafio-meditacion-wu-xing\/\" \/>\n<meta property=\"og:site_name\" content=\"Sonido Ra\u00edz\" \/>\n<meta property=\"article:publisher\" content=\"https:\/\/www.tiktok.com\/@sonidoraiz\" \/>\n<meta property=\"article:modified_time\" content=\"2025-10-27T02:46:39+00:00\" \/>\n<meta property=\"og:image\" content=\"https:\/\/sonidoraiz.com\/wp-content\/uploads\/2024\/03\/meditaciones-wu-xing.png\" \/>\n\t<meta property=\"og:image:width\" content=\"1776\" \/>\n\t<meta property=\"og:image:height\" content=\"1694\" \/>\n\t<meta property=\"og:image:type\" content=\"image\/png\" \/>\n<meta name=\"twitter:card\" content=\"summary_large_image\" \/>\n<meta name=\"twitter:label1\" content=\"Tiempo de lectura\" \/>\n\t<meta name=\"twitter:data1\" content=\"1 minuto\" \/>\n<script type=\"application\/ld+json\" class=\"yoast-schema-graph\">{\"@context\":\"https:\/\/schema.org\",\"@graph\":[{\"@type\":\"WebPage\",\"@id\":\"https:\/\/sonidoraiz.com\/es\/producto\/desafio-meditacion-wu-xing\/\",\"url\":\"https:\/\/sonidoraiz.com\/es\/producto\/desafio-meditacion-wu-xing\/\",\"name\":\"Desaf\u00edo 5 D\u00edas de Meditaci\u00f3n Wu Xing - Sonido Ra\u00edz\",\"isPartOf\":{\"@id\":\"https:\/\/sonidoraiz.com\/es\/#website\"},\"primaryImageOfPage\":{\"@id\":\"https:\/\/sonidoraiz.com\/es\/producto\/desafio-meditacion-wu-xing\/#primaryimage\"},\"image\":{\"@id\":\"https:\/\/sonidoraiz.com\/es\/producto\/desafio-meditacion-wu-xing\/#primaryimage\"},\"thumbnailUrl\":\"https:\/\/sonidoraiz.com\/wp-content\/uploads\/2024\/03\/meditaciones-wu-xing.png\",\"datePublished\":\"2024-03-09T22:21:59+00:00\",\"dateModified\":\"2025-10-27T02:46:39+00:00\",\"breadcrumb\":{\"@id\":\"https:\/\/sonidoraiz.com\/es\/producto\/desafio-meditacion-wu-xing\/#breadcrumb\"},\"inLanguage\":\"es\",\"potentialAction\":[{\"@type\":\"ReadAction\",\"target\":[\"https:\/\/sonidoraiz.com\/es\/producto\/desafio-meditacion-wu-xing\/\"]}]},{\"@type\":\"ImageObject\",\"inLanguage\":\"es\",\"@id\":\"https:\/\/sonidoraiz.com\/es\/producto\/desafio-meditacion-wu-xing\/#primaryimage\",\"url\":\"https:\/\/sonidoraiz.com\/wp-content\/uploads\/2024\/03\/meditaciones-wu-xing.png\",\"contentUrl\":\"https:\/\/sonidoraiz.com\/wp-content\/uploads\/2024\/03\/meditaciones-wu-xing.png\",\"width\":1776,\"height\":1694},{\"@type\":\"BreadcrumbList\",\"@id\":\"https:\/\/sonidoraiz.com\/es\/producto\/desafio-meditacion-wu-xing\/#breadcrumb\",\"itemListElement\":[{\"@type\":\"ListItem\",\"position\":1,\"name\":\"Portada\",\"item\":\"https:\/\/sonidoraiz.com\/es\/\"},{\"@type\":\"ListItem\",\"position\":2,\"name\":\"Productos\",\"item\":\"https:\/\/sonidoraiz.com\/es\/shop\/\"},{\"@type\":\"ListItem\",\"position\":3,\"name\":\"Desaf\u00edo 5 D\u00edas de Meditaci\u00f3n Wu Xing\"}]},{\"@type\":\"WebSite\",\"@id\":\"https:\/\/sonidoraiz.com\/es\/#website\",\"url\":\"https:\/\/sonidoraiz.com\/es\/\",\"name\":\"Sonido Raiz\",\"description\":\"Flor Ansaldo - Sonido Raiz - Sonoterapia\",\"publisher\":{\"@id\":\"https:\/\/sonidoraiz.com\/es\/#organization\"},\"inLanguage\":\"es\"},{\"@type\":\"Organization\",\"@id\":\"https:\/\/sonidoraiz.com\/es\/#organization\",\"name\":\"Sonido Raiz\",\"url\":\"https:\/\/sonidoraiz.com\/es\/\",\"logo\":{\"@type\":\"ImageObject\",\"inLanguage\":\"es\",\"@id\":\"https:\/\/sonidoraiz.com\/es\/#\/schema\/logo\/image\/\",\"url\":\"https:\/\/sonidoraiz.com\/wp-content\/uploads\/2024\/03\/logo-header.png\",\"contentUrl\":\"https:\/\/sonidoraiz.com\/wp-content\/uploads\/2024\/03\/logo-header.png\",\"width\":2727,\"height\":1474,\"caption\":\"Sonido Raiz\"},\"image\":{\"@id\":\"https:\/\/sonidoraiz.com\/es\/#\/schema\/logo\/image\/\"},\"sameAs\":[\"https:\/\/www.tiktok.com\/@sonidoraiz\",\"https:\/\/www.instagram.com\/sonidoraiz\"]}]}<\/script>\n<!-- \/ Yoast SEO plugin. -->","yoast_head_json":{"title":"Desaf\u00edo 5 D\u00edas de Meditaci\u00f3n Wu Xing - Sonido Ra\u00edz","robots":{"index":"index","follow":"follow","max-snippet":"max-snippet:-1","max-image-preview":"max-image-preview:large","max-video-preview":"max-video-preview:-1"},"canonical":"https:\/\/sonidoraiz.com\/es\/producto\/desafio-meditacion-wu-xing\/","og_locale":"es_ES","og_type":"article","og_title":"Desaf\u00edo 5 D\u00edas de Meditaci\u00f3n Wu Xing - Sonido Ra\u00edz","og_description":"Este curso contiene cinco videos con meditaciones sonoras que abordan los Wu Xing (5 elementos, estados o movimientos) de la Medicina Tradicional China y ejercicios de respiraci\u00f3n de activaci\u00f3n y relajaci\u00f3n de la energ\u00eda vital. El objetivo es transitar las 5 emociones principales asociadas a estos elementos, a trav\u00e9s de la escucha pasiva y la respiraci\u00f3n consciente.","og_url":"https:\/\/sonidoraiz.com\/es\/producto\/desafio-meditacion-wu-xing\/","og_site_name":"Sonido Ra\u00edz","article_publisher":"https:\/\/www.tiktok.com\/@sonidoraiz","article_modified_time":"2025-10-27T02:46:39+00:00","og_image":[{"width":1776,"height":1694,"url":"https:\/\/sonidoraiz.com\/wp-content\/uploads\/2024\/03\/meditaciones-wu-xing.png","type":"image\/png"}],"twitter_card":"summary_large_image","twitter_misc":{"Tiempo de lectura":"1 minuto"},"schema":{"@context":"https:\/\/schema.org","@graph":[{"@type":"WebPage","@id":"https:\/\/sonidoraiz.com\/es\/producto\/desafio-meditacion-wu-xing\/","url":"https:\/\/sonidoraiz.com\/es\/producto\/desafio-meditacion-wu-xing\/","name":"Desaf\u00edo 5 D\u00edas de Meditaci\u00f3n Wu Xing - Sonido Ra\u00edz","isPartOf":{"@id":"https:\/\/sonidoraiz.com\/es\/#website"},"primaryImageOfPage":{"@id":"https:\/\/sonidoraiz.com\/es\/producto\/desafio-meditacion-wu-xing\/#primaryimage"},"image":{"@id":"https:\/\/sonidoraiz.com\/es\/producto\/desafio-meditacion-wu-xing\/#primaryimage"},"thumbnailUrl":"https:\/\/sonidoraiz.com\/wp-content\/uploads\/2024\/03\/meditaciones-wu-xing.png","datePublished":"2024-03-09T22:21:59+00:00","dateModified":"2025-10-27T02:46:39+00:00","breadcrumb":{"@id":"https:\/\/sonidoraiz.com\/es\/producto\/desafio-meditacion-wu-xing\/#breadcrumb"},"inLanguage":"es","potentialAction":[{"@type":"ReadAction","target":["https:\/\/sonidoraiz.com\/es\/producto\/desafio-meditacion-wu-xing\/"]}]},{"@type":"ImageObject","inLanguage":"es","@id":"https:\/\/sonidoraiz.com\/es\/producto\/desafio-meditacion-wu-xing\/#primaryimage","url":"https:\/\/sonidoraiz.com\/wp-content\/uploads\/2024\/03\/meditaciones-wu-xing.png","contentUrl":"https:\/\/sonidoraiz.com\/wp-content\/uploads\/2024\/03\/meditaciones-wu-xing.png","width":1776,"height":1694},{"@type":"BreadcrumbList","@id":"https:\/\/sonidoraiz.com\/es\/producto\/desafio-meditacion-wu-xing\/#breadcrumb","itemListElement":[{"@type":"ListItem","position":1,"name":"Portada","item":"https:\/\/sonidoraiz.com\/es\/"},{"@type":"ListItem","position":2,"name":"Productos","item":"https:\/\/sonidoraiz.com\/es\/shop\/"},{"@type":"ListItem","position":3,"name":"Desaf\u00edo 5 D\u00edas de Meditaci\u00f3n Wu Xing"}]},{"@type":"WebSite","@id":"https:\/\/sonidoraiz.com\/es\/#website","url":"https:\/\/sonidoraiz.com\/es\/","name":"Sonido Raiz","description":"Flor Ansaldo - Sonido Raiz - Sonoterapia","publisher":{"@id":"https:\/\/sonidoraiz.com\/es\/#organization"},"inLanguage":"es"},{"@type":"Organization","@id":"https:\/\/sonidoraiz.com\/es\/#organization","name":"Sonido Raiz","url":"https:\/\/sonidoraiz.com\/es\/","logo":{"@type":"ImageObject","inLanguage":"es","@id":"https:\/\/sonidoraiz.com\/es\/#\/schema\/logo\/image\/","url":"https:\/\/sonidoraiz.com\/wp-content\/uploads\/2024\/03\/logo-header.png","contentUrl":"https:\/\/sonidoraiz.com\/wp-content\/uploads\/2024\/03\/logo-header.png","width":2727,"height":1474,"caption":"Sonido Raiz"},"image":{"@id":"https:\/\/sonidoraiz.com\/es\/#\/schema\/logo\/image\/"},"sameAs":["https:\/\/www.tiktok.com\/@sonidoraiz","https:\/\/www.instagram.com\/sonidoraiz"]}]}},"_links":{"self":[{"href":"https:\/\/sonidoraiz.com\/es\/wp-json\/wp\/v2\/product\/188","targetHints":{"allow":["GET"]}}],"collection":[{"href":"https:\/\/sonidoraiz.com\/es\/wp-json\/wp\/v2\/product"}],"about":[{"href":"https:\/\/sonidoraiz.com\/es\/wp-json\/wp\/v2\/types\/product"}],"wp:featuredmedia":[{"embeddable":true,"href":"https:\/\/sonidoraiz.com\/es\/wp-json\/wp\/v2\/media\/535"}],"wp:attachment":[{"href":"https:\/\/sonidoraiz.com\/es\/wp-json\/wp\/v2\/media?parent=188"}],"wp:term":[{"taxonomy":"product_brand","embeddable":true,"href":"https:\/\/sonidoraiz.com\/es\/wp-json\/wp\/v2\/product_brand?post=188"},{"taxonomy":"product_cat","embeddable":true,"href":"https:\/\/sonidoraiz.com\/es\/wp-json\/wp\/v2\/product_cat?post=188"},{"taxonomy":"product_tag","embeddable":true,"href":"https:\/\/sonidoraiz.com\/es\/wp-json\/wp\/v2\/product_tag?post=188"}],"curies":[{"name":"wp","href":"https:\/\/api.w.org\/{rel}","templated":true}]}}