{"id":3358,"date":"2024-05-30T01:46:54","date_gmt":"2024-05-30T01:46:54","guid":{"rendered":"https:\/\/sonidoraiz.com\/?post_type=product&#038;p=3358"},"modified":"2025-10-26T01:18:15","modified_gmt":"2025-10-26T01:18:15","slug":"mantras-con-uke-desde-cero","status":"publish","type":"product","link":"https:\/\/sonidoraiz.com\/es\/producto\/mantras-con-uke-desde-cero\/","title":{"rendered":"Mantras con Ukelele desde Cero"},"content":{"rendered":"<p><span class=\"x193iq5w xeuugli x13faqbe x1vvkbs x1xmvt09 x1lliihq x1s928wv xhkezso x1gmr53x x1cpjm7i x1fgarty x1943h6x xudqn12 x3x7a5m x6prxxf xvq8zen xo1l8bm xzsf02u\" dir=\"auto\">En este Curso vas a aprender a tocar y a cantar mantras, desde cero, acompa\u00f1\u00e1ndote con el ukelele. <\/span><\/p>\n<p><span class=\"x193iq5w xeuugli x13faqbe x1vvkbs x1xmvt09 x1lliihq x1s928wv xhkezso x1gmr53x x1cpjm7i x1fgarty x1943h6x xudqn12 x3x7a5m x6prxxf xvq8zen xo1l8bm xzsf02u\" dir=\"auto\">Vas a liberar tu voz, conectando con cada MANTRA, y vas a familiarizarte con los acordes principales de UKELELE, que te permitir\u00e1n tocar tambi\u00e9n otras canciones.<\/span><\/p>\n<p>Adem\u00e1s, vas a recibir:<\/p>\n<ul>\n<li>Bonus: 6 lecciones extra grabadas en video<\/li>\n<li>1 PDF, para comenzar la pr\u00e1ctica en las semanas anteriores al encuentro.<\/li>\n<\/ul>\n<p>&nbsp;<\/p>\n<p><strong>Modalidad:<\/strong> Masterclass grabada, se accede a la misma a trav\u00e9s del aula virtual.<\/p>\n<p>&nbsp;<\/p>\n<p>No se requieren conocimientos previos (comenzamos desde cero).<\/p>\n","protected":false},"excerpt":{"rendered":"<div class=\"elementor-element elementor-element-3ca3f9a elementor-widget elementor-widget-text-editor\" data-id=\"3ca3f9a\" data-element_type=\"widget\" data-widget_type=\"text-editor.default\">\n<div class=\"elementor-widget-container\">\n<p>1 Workshop intensivo grabado en Vivo.<\/p>\n<p>6 Lecciones grabadas en Video.<\/p>\n<p>1 Cancionero de Mantras en PDF.<\/p>\n<p>Acceso al aula virtual y a las grabaciones por 3 meses.<\/p>\n<\/div>\n<\/div>\n","protected":false},"featured_media":3360,"template":"","meta":{"site-sidebar-layout":"default","site-content-layout":"","ast-site-content-layout":"default","site-content-style":"default","site-sidebar-style":"default","ast-global-header-display":"","ast-banner-title-visibility":"","ast-main-header-display":"","ast-hfb-above-header-display":"","ast-hfb-below-header-display":"","ast-hfb-mobile-header-display":"","site-post-title":"","ast-breadcrumbs-content":"","ast-featured-img":"","footer-sml-layout":"","theme-transparent-header-meta":"default","adv-header-id-meta":"","stick-header-meta":"","header-above-stick-meta":"","header-main-stick-meta":"","header-below-stick-meta":"","astra-migrate-meta-layouts":"set","ast-page-background-enabled":"default","ast-page-background-meta":{"desktop":{"background-color":"var(--ast-global-color-4)","background-image":"","background-repeat":"repeat","background-position":"center center","background-size":"auto","background-attachment":"scroll","background-type":"","background-media":"","overlay-type":"","overlay-color":"","overlay-opacity":"","overlay-gradient":""},"tablet":{"background-color":"","background-image":"","background-repeat":"repeat","background-position":"center center","background-size":"auto","background-attachment":"scroll","background-type":"","background-media":"","overlay-type":"","overlay-color":"","overlay-opacity":"","overlay-gradient":""},"mobile":{"background-color":"","background-image":"","background-repeat":"repeat","background-position":"center center","background-size":"auto","background-attachment":"scroll","background-type":"","background-media":"","overlay-type":"","overlay-color":"","overlay-opacity":"","overlay-gradient":""}},"ast-content-background-meta":{"desktop":{"background-color":"var(--ast-global-color-5)","background-image":"","background-repeat":"repeat","background-position":"center center","background-size":"auto","background-attachment":"scroll","background-type":"","background-media":"","overlay-type":"","overlay-color":"","overlay-opacity":"","overlay-gradient":""},"tablet":{"background-color":"var(--ast-global-color-5)","background-image":"","background-repeat":"repeat","background-position":"center center","background-size":"auto","background-attachment":"scroll","background-type":"","background-media":"","overlay-type":"","overlay-color":"","overlay-opacity":"","overlay-gradient":""},"mobile":{"background-color":"var(--ast-global-color-5)","background-image":"","background-repeat":"repeat","background-position":"center center","background-size":"auto","background-attachment":"scroll","background-type":"","background-media":"","overlay-type":"","overlay-color":"","overlay-opacity":"","overlay-gradient":""}}},"product_brand":[],"product_cat":[55],"product_tag":[82,86,101],"class_list":{"0":"post-3358","1":"product","2":"type-product","3":"status-publish","4":"has-post-thumbnail","6":"product_cat-cursos","7":"product_tag-canto","8":"product_tag-mantras","9":"product_tag-ukelele","10":"desktop-align-left","11":"tablet-align-left","12":"mobile-align-left","14":"first","15":"instock","16":"virtual","17":"sold-individually","18":"purchasable","19":"product-type-course"},"yoast_head":"<!-- This site is optimized with the Yoast SEO plugin v23.8 - https:\/\/yoast.com\/wordpress\/plugins\/seo\/ -->\n<title>Mantras con Ukelele desde Cero - Sonido Ra\u00edz<\/title>\n<meta name=\"description\" content=\"En este curso vas a aprender a tocar y a cantar mantras, desde cero, acompa\u00f1\u00e1ndote con el ukelele. No se requieren conocimientos previos.\" \/>\n<meta name=\"robots\" content=\"index, follow, max-snippet:-1, max-image-preview:large, max-video-preview:-1\" \/>\n<link rel=\"canonical\" href=\"https:\/\/sonidoraiz.com\/es\/producto\/mantras-con-uke-desde-cero\/\" \/>\n<meta property=\"og:locale\" content=\"es_ES\" \/>\n<meta property=\"og:type\" content=\"article\" \/>\n<meta property=\"og:title\" content=\"Mantras con Ukelele desde Cero - Sonido Ra\u00edz\" \/>\n<meta property=\"og:description\" content=\"En este curso vas a aprender a tocar y a cantar mantras, desde cero, acompa\u00f1\u00e1ndote con el ukelele. No se requieren conocimientos previos.\" \/>\n<meta property=\"og:url\" content=\"https:\/\/sonidoraiz.com\/es\/producto\/mantras-con-uke-desde-cero\/\" \/>\n<meta property=\"og:site_name\" content=\"Sonido Ra\u00edz\" \/>\n<meta property=\"article:publisher\" content=\"https:\/\/www.tiktok.com\/@sonidoraiz\" \/>\n<meta property=\"article:modified_time\" content=\"2025-10-26T01:18:15+00:00\" \/>\n<meta property=\"og:image\" content=\"https:\/\/sonidoraiz.com\/wp-content\/uploads\/2024\/05\/flor2.png\" \/>\n\t<meta property=\"og:image:width\" content=\"834\" \/>\n\t<meta property=\"og:image:height\" content=\"834\" \/>\n\t<meta property=\"og:image:type\" content=\"image\/png\" \/>\n<meta name=\"twitter:card\" content=\"summary_large_image\" \/>\n<meta name=\"twitter:label1\" content=\"Tiempo de lectura\" \/>\n\t<meta name=\"twitter:data1\" content=\"1 minuto\" \/>\n<script type=\"application\/ld+json\" class=\"yoast-schema-graph\">{\"@context\":\"https:\/\/schema.org\",\"@graph\":[{\"@type\":\"WebPage\",\"@id\":\"https:\/\/sonidoraiz.com\/es\/producto\/mantras-con-uke-desde-cero\/\",\"url\":\"https:\/\/sonidoraiz.com\/es\/producto\/mantras-con-uke-desde-cero\/\",\"name\":\"Mantras con Ukelele desde Cero - Sonido Ra\u00edz\",\"isPartOf\":{\"@id\":\"https:\/\/sonidoraiz.com\/es\/#website\"},\"primaryImageOfPage\":{\"@id\":\"https:\/\/sonidoraiz.com\/es\/producto\/mantras-con-uke-desde-cero\/#primaryimage\"},\"image\":{\"@id\":\"https:\/\/sonidoraiz.com\/es\/producto\/mantras-con-uke-desde-cero\/#primaryimage\"},\"thumbnailUrl\":\"https:\/\/sonidoraiz.com\/wp-content\/uploads\/2024\/05\/flor2.png\",\"datePublished\":\"2024-05-30T01:46:54+00:00\",\"dateModified\":\"2025-10-26T01:18:15+00:00\",\"description\":\"En este curso vas a aprender a tocar y a cantar mantras, desde cero, acompa\u00f1\u00e1ndote con el ukelele. No se requieren conocimientos previos.\",\"breadcrumb\":{\"@id\":\"https:\/\/sonidoraiz.com\/es\/producto\/mantras-con-uke-desde-cero\/#breadcrumb\"},\"inLanguage\":\"es\",\"potentialAction\":[{\"@type\":\"ReadAction\",\"target\":[\"https:\/\/sonidoraiz.com\/es\/producto\/mantras-con-uke-desde-cero\/\"]}]},{\"@type\":\"ImageObject\",\"inLanguage\":\"es\",\"@id\":\"https:\/\/sonidoraiz.com\/es\/producto\/mantras-con-uke-desde-cero\/#primaryimage\",\"url\":\"https:\/\/sonidoraiz.com\/wp-content\/uploads\/2024\/05\/flor2.png\",\"contentUrl\":\"https:\/\/sonidoraiz.com\/wp-content\/uploads\/2024\/05\/flor2.png\",\"width\":834,\"height\":834},{\"@type\":\"BreadcrumbList\",\"@id\":\"https:\/\/sonidoraiz.com\/es\/producto\/mantras-con-uke-desde-cero\/#breadcrumb\",\"itemListElement\":[{\"@type\":\"ListItem\",\"position\":1,\"name\":\"Portada\",\"item\":\"https:\/\/sonidoraiz.com\/es\/\"},{\"@type\":\"ListItem\",\"position\":2,\"name\":\"Productos\",\"item\":\"https:\/\/sonidoraiz.com\/es\/shop\/\"},{\"@type\":\"ListItem\",\"position\":3,\"name\":\"Mantras con Ukelele desde Cero\"}]},{\"@type\":\"WebSite\",\"@id\":\"https:\/\/sonidoraiz.com\/es\/#website\",\"url\":\"https:\/\/sonidoraiz.com\/es\/\",\"name\":\"Sonido Raiz\",\"description\":\"Flor Ansaldo - Sonido Raiz - Sonoterapia\",\"publisher\":{\"@id\":\"https:\/\/sonidoraiz.com\/es\/#organization\"},\"inLanguage\":\"es\"},{\"@type\":\"Organization\",\"@id\":\"https:\/\/sonidoraiz.com\/es\/#organization\",\"name\":\"Sonido Raiz\",\"url\":\"https:\/\/sonidoraiz.com\/es\/\",\"logo\":{\"@type\":\"ImageObject\",\"inLanguage\":\"es\",\"@id\":\"https:\/\/sonidoraiz.com\/es\/#\/schema\/logo\/image\/\",\"url\":\"https:\/\/sonidoraiz.com\/wp-content\/uploads\/2024\/03\/logo-header.png\",\"contentUrl\":\"https:\/\/sonidoraiz.com\/wp-content\/uploads\/2024\/03\/logo-header.png\",\"width\":2727,\"height\":1474,\"caption\":\"Sonido Raiz\"},\"image\":{\"@id\":\"https:\/\/sonidoraiz.com\/es\/#\/schema\/logo\/image\/\"},\"sameAs\":[\"https:\/\/www.tiktok.com\/@sonidoraiz\",\"https:\/\/www.instagram.com\/sonidoraiz\"]}]}<\/script>\n<!-- \/ Yoast SEO plugin. -->","yoast_head_json":{"title":"Mantras con Ukelele desde Cero - Sonido Ra\u00edz","description":"En este curso vas a aprender a tocar y a cantar mantras, desde cero, acompa\u00f1\u00e1ndote con el ukelele. No se requieren conocimientos previos.","robots":{"index":"index","follow":"follow","max-snippet":"max-snippet:-1","max-image-preview":"max-image-preview:large","max-video-preview":"max-video-preview:-1"},"canonical":"https:\/\/sonidoraiz.com\/es\/producto\/mantras-con-uke-desde-cero\/","og_locale":"es_ES","og_type":"article","og_title":"Mantras con Ukelele desde Cero - Sonido Ra\u00edz","og_description":"En este curso vas a aprender a tocar y a cantar mantras, desde cero, acompa\u00f1\u00e1ndote con el ukelele. No se requieren conocimientos previos.","og_url":"https:\/\/sonidoraiz.com\/es\/producto\/mantras-con-uke-desde-cero\/","og_site_name":"Sonido Ra\u00edz","article_publisher":"https:\/\/www.tiktok.com\/@sonidoraiz","article_modified_time":"2025-10-26T01:18:15+00:00","og_image":[{"width":834,"height":834,"url":"https:\/\/sonidoraiz.com\/wp-content\/uploads\/2024\/05\/flor2.png","type":"image\/png"}],"twitter_card":"summary_large_image","twitter_misc":{"Tiempo de lectura":"1 minuto"},"schema":{"@context":"https:\/\/schema.org","@graph":[{"@type":"WebPage","@id":"https:\/\/sonidoraiz.com\/es\/producto\/mantras-con-uke-desde-cero\/","url":"https:\/\/sonidoraiz.com\/es\/producto\/mantras-con-uke-desde-cero\/","name":"Mantras con Ukelele desde Cero - Sonido Ra\u00edz","isPartOf":{"@id":"https:\/\/sonidoraiz.com\/es\/#website"},"primaryImageOfPage":{"@id":"https:\/\/sonidoraiz.com\/es\/producto\/mantras-con-uke-desde-cero\/#primaryimage"},"image":{"@id":"https:\/\/sonidoraiz.com\/es\/producto\/mantras-con-uke-desde-cero\/#primaryimage"},"thumbnailUrl":"https:\/\/sonidoraiz.com\/wp-content\/uploads\/2024\/05\/flor2.png","datePublished":"2024-05-30T01:46:54+00:00","dateModified":"2025-10-26T01:18:15+00:00","description":"En este curso vas a aprender a tocar y a cantar mantras, desde cero, acompa\u00f1\u00e1ndote con el ukelele. No se requieren conocimientos previos.","breadcrumb":{"@id":"https:\/\/sonidoraiz.com\/es\/producto\/mantras-con-uke-desde-cero\/#breadcrumb"},"inLanguage":"es","potentialAction":[{"@type":"ReadAction","target":["https:\/\/sonidoraiz.com\/es\/producto\/mantras-con-uke-desde-cero\/"]}]},{"@type":"ImageObject","inLanguage":"es","@id":"https:\/\/sonidoraiz.com\/es\/producto\/mantras-con-uke-desde-cero\/#primaryimage","url":"https:\/\/sonidoraiz.com\/wp-content\/uploads\/2024\/05\/flor2.png","contentUrl":"https:\/\/sonidoraiz.com\/wp-content\/uploads\/2024\/05\/flor2.png","width":834,"height":834},{"@type":"BreadcrumbList","@id":"https:\/\/sonidoraiz.com\/es\/producto\/mantras-con-uke-desde-cero\/#breadcrumb","itemListElement":[{"@type":"ListItem","position":1,"name":"Portada","item":"https:\/\/sonidoraiz.com\/es\/"},{"@type":"ListItem","position":2,"name":"Productos","item":"https:\/\/sonidoraiz.com\/es\/shop\/"},{"@type":"ListItem","position":3,"name":"Mantras con Ukelele desde Cero"}]},{"@type":"WebSite","@id":"https:\/\/sonidoraiz.com\/es\/#website","url":"https:\/\/sonidoraiz.com\/es\/","name":"Sonido Raiz","description":"Flor Ansaldo - Sonido Raiz - Sonoterapia","publisher":{"@id":"https:\/\/sonidoraiz.com\/es\/#organization"},"inLanguage":"es"},{"@type":"Organization","@id":"https:\/\/sonidoraiz.com\/es\/#organization","name":"Sonido Raiz","url":"https:\/\/sonidoraiz.com\/es\/","logo":{"@type":"ImageObject","inLanguage":"es","@id":"https:\/\/sonidoraiz.com\/es\/#\/schema\/logo\/image\/","url":"https:\/\/sonidoraiz.com\/wp-content\/uploads\/2024\/03\/logo-header.png","contentUrl":"https:\/\/sonidoraiz.com\/wp-content\/uploads\/2024\/03\/logo-header.png","width":2727,"height":1474,"caption":"Sonido Raiz"},"image":{"@id":"https:\/\/sonidoraiz.com\/es\/#\/schema\/logo\/image\/"},"sameAs":["https:\/\/www.tiktok.com\/@sonidoraiz","https:\/\/www.instagram.com\/sonidoraiz"]}]}},"_links":{"self":[{"href":"https:\/\/sonidoraiz.com\/es\/wp-json\/wp\/v2\/product\/3358","targetHints":{"allow":["GET"]}}],"collection":[{"href":"https:\/\/sonidoraiz.com\/es\/wp-json\/wp\/v2\/product"}],"about":[{"href":"https:\/\/sonidoraiz.com\/es\/wp-json\/wp\/v2\/types\/product"}],"wp:featuredmedia":[{"embeddable":true,"href":"https:\/\/sonidoraiz.com\/es\/wp-json\/wp\/v2\/media\/3360"}],"wp:attachment":[{"href":"https:\/\/sonidoraiz.com\/es\/wp-json\/wp\/v2\/media?parent=3358"}],"wp:term":[{"taxonomy":"product_brand","embeddable":true,"href":"https:\/\/sonidoraiz.com\/es\/wp-json\/wp\/v2\/product_brand?post=3358"},{"taxonomy":"product_cat","embeddable":true,"href":"https:\/\/sonidoraiz.com\/es\/wp-json\/wp\/v2\/product_cat?post=3358"},{"taxonomy":"product_tag","embeddable":true,"href":"https:\/\/sonidoraiz.com\/es\/wp-json\/wp\/v2\/product_tag?post=3358"}],"curies":[{"name":"wp","href":"https:\/\/api.w.org\/{rel}","templated":true}]}}