{"id":5650,"date":"2025-07-29T16:20:22","date_gmt":"2025-07-29T16:20:22","guid":{"rendered":"https:\/\/sonidoraiz.com\/?post_type=product&#038;p=5650"},"modified":"2025-08-29T17:35:24","modified_gmt":"2025-08-29T17:35:24","slug":"uke-canciones-medicina","status":"publish","type":"product","link":"https:\/\/sonidoraiz.com\/es\/producto\/uke-canciones-medicina\/","title":{"rendered":"Ukelele y Canciones Medicina"},"content":{"rendered":"<div class=\"is-root-container is-desktop-preview is-layout-flow wp-block-post-content-is-layout-flow wp-block-post-content block-editor-block-list__layout\">\n<p id=\"block-6099cd19-9b65-4cff-9c7f-b281ed53a075\" class=\"block-editor-rich-text__editable block-editor-block-list__block wp-block is-selected wp-block-paragraph rich-text is-hovered\" role=\"document\" contenteditable=\"true\" aria-multiline=\"true\" aria-label=\"Bloque: P\u00e1rrafo\" aria-readonly=\"false\" data-block=\"6099cd19-9b65-4cff-9c7f-b281ed53a075\" data-type=\"core\/paragraph\" data-title=\"P\u00e1rrafo\" data-empty=\"false\" data-wp-block-attribute-key=\"content\">En este curso, a lo largo de 10 semanas, vas a aprender a tocar en el ukelele y a cantar 10 nuevas Canciones Medicina de diferentes culturas.<\/p>\n<\/div>\n<p>&nbsp;<\/p>\n<p>Adem\u00e1s, vas a recibir:<\/p>\n<ul>\n<li>10 videos extra formato Play Along para practicar las canciones de principio a fin.<\/li>\n<li>1 Cancionero PDF, con letra y acordes, para descargar e imprimir.<\/li>\n<li>Acceso al aula virtual por 6 meses.<\/li>\n<\/ul>\n<p>&nbsp;<\/p>\n<p><strong>\u00bfCu\u00e1ndo?<\/strong> Todo el material se encuentra pre-grabado y podr\u00e1s acceder al mismo desde el aula virtual (se ir\u00e1 liberando de a 2 videos por semana, a lo largo de 10 semanas). Su fecha de estreno es el 05\/09\/25.<\/p>\n<p><strong>Modalidad:<\/strong> Pre-grabado.<\/p>\n<p>&nbsp;<\/p>\n<p>* No hay requisitos para acceder a este curso, pero te recomendamos ya saber tocar los acordes b\u00e1sicos antes de tomarlo (Pod\u00e9s cursar &#8220;Mantras con Ukelele, desde Cero&#8221; donde los aprender\u00e1s todos). <a href=\"https:\/\/sonidoraiz.com\/es\/mantras-con-ukelele-nivel-1-y-2-promo\/\" target=\"_blank\" rel=\"noopener\"><strong>CLICK AQU\u00cd<\/strong><\/a> para ir a la p\u00e1gina ese curso.<\/p>\n<p>No se requieren conocimientos previos de m\u00fasica.<\/p>\n","protected":false},"excerpt":{"rendered":"<div class=\"elementor-element elementor-element-3ca3f9a elementor-widget elementor-widget-text-editor\" data-id=\"3ca3f9a\" data-element_type=\"widget\" data-widget_type=\"text-editor.default\">\n<div class=\"elementor-widget-container\">\n<p>10 Lecciones grabadas (Estreno 05\/09\/2025).<\/p>\n<p>10 Videos formato Play Along.<\/p>\n<p>1 Cancionero en PDF con Letras y Acordes.<\/p>\n<p>Acceso al aula virtual y a las grabaciones por 3 meses.<\/p>\n<\/div>\n<\/div>\n","protected":false},"featured_media":5832,"template":"","meta":{"site-sidebar-layout":"default","site-content-layout":"","ast-site-content-layout":"default","site-content-style":"default","site-sidebar-style":"default","ast-global-header-display":"","ast-banner-title-visibility":"","ast-main-header-display":"","ast-hfb-above-header-display":"","ast-hfb-below-header-display":"","ast-hfb-mobile-header-display":"","site-post-title":"","ast-breadcrumbs-content":"","ast-featured-img":"","footer-sml-layout":"","theme-transparent-header-meta":"default","adv-header-id-meta":"","stick-header-meta":"","header-above-stick-meta":"","header-main-stick-meta":"","header-below-stick-meta":"","astra-migrate-meta-layouts":"set","ast-page-background-enabled":"default","ast-page-background-meta":{"desktop":{"background-color":"var(--ast-global-color-4)","background-image":"","background-repeat":"repeat","background-position":"center center","background-size":"auto","background-attachment":"scroll","background-type":"","background-media":"","overlay-type":"","overlay-color":"","overlay-opacity":"","overlay-gradient":""},"tablet":{"background-color":"","background-image":"","background-repeat":"repeat","background-position":"center center","background-size":"auto","background-attachment":"scroll","background-type":"","background-media":"","overlay-type":"","overlay-color":"","overlay-opacity":"","overlay-gradient":""},"mobile":{"background-color":"","background-image":"","background-repeat":"repeat","background-position":"center center","background-size":"auto","background-attachment":"scroll","background-type":"","background-media":"","overlay-type":"","overlay-color":"","overlay-opacity":"","overlay-gradient":""}},"ast-content-background-meta":{"desktop":{"background-color":"var(--ast-global-color-5)","background-image":"","background-repeat":"repeat","background-position":"center center","background-size":"auto","background-attachment":"scroll","background-type":"","background-media":"","overlay-type":"","overlay-color":"","overlay-opacity":"","overlay-gradient":""},"tablet":{"background-color":"var(--ast-global-color-5)","background-image":"","background-repeat":"repeat","background-position":"center center","background-size":"auto","background-attachment":"scroll","background-type":"","background-media":"","overlay-type":"","overlay-color":"","overlay-opacity":"","overlay-gradient":""},"mobile":{"background-color":"var(--ast-global-color-5)","background-image":"","background-repeat":"repeat","background-position":"center center","background-size":"auto","background-attachment":"scroll","background-type":"","background-media":"","overlay-type":"","overlay-color":"","overlay-opacity":"","overlay-gradient":""}}},"product_brand":[],"product_cat":[55],"product_tag":[82,86,213,101],"class_list":{"0":"post-5650","1":"product","2":"type-product","3":"status-publish","4":"has-post-thumbnail","6":"product_cat-cursos","7":"product_tag-canto","8":"product_tag-mantras","9":"product_tag-sonoterapia","10":"product_tag-ukelele","11":"desktop-align-left","12":"tablet-align-left","13":"mobile-align-left","15":"first","16":"instock","17":"virtual","18":"sold-individually","19":"purchasable","20":"product-type-course"},"yoast_head":"<!-- This site is optimized with the Yoast SEO plugin v23.8 - https:\/\/yoast.com\/wordpress\/plugins\/seo\/ -->\n<title>Ukelele y Canciones Medicina - Sonido Ra\u00edz<\/title>\n<meta name=\"description\" content=\"En este curso aprender\u00e1s a tocar en el ukelele y a cantar diez canciones medicina de diferentes culturas, conect\u00e1ndote con la belleza de esta m\u00fasica.\" \/>\n<meta name=\"robots\" content=\"index, follow, max-snippet:-1, max-image-preview:large, max-video-preview:-1\" \/>\n<link rel=\"canonical\" href=\"https:\/\/sonidoraiz.com\/es\/producto\/uke-canciones-medicina\/\" \/>\n<meta property=\"og:locale\" content=\"es_ES\" \/>\n<meta property=\"og:type\" content=\"article\" \/>\n<meta property=\"og:title\" content=\"Ukelele y Canciones Medicina - Sonido Ra\u00edz\" \/>\n<meta property=\"og:description\" content=\"En este curso aprender\u00e1s a tocar en el ukelele y a cantar diez canciones medicina de diferentes culturas, conect\u00e1ndote con la belleza de esta m\u00fasica.\" \/>\n<meta property=\"og:url\" content=\"https:\/\/sonidoraiz.com\/es\/producto\/uke-canciones-medicina\/\" \/>\n<meta property=\"og:site_name\" content=\"Sonido Ra\u00edz\" \/>\n<meta property=\"article:publisher\" content=\"https:\/\/www.tiktok.com\/@sonidoraiz\" \/>\n<meta property=\"article:modified_time\" content=\"2025-08-29T17:35:24+00:00\" \/>\n<meta property=\"og:image\" content=\"https:\/\/sonidoraiz.com\/wp-content\/uploads\/2025\/07\/avatar-1-scaled.jpg\" \/>\n\t<meta property=\"og:image:width\" content=\"2560\" \/>\n\t<meta property=\"og:image:height\" content=\"2560\" \/>\n\t<meta property=\"og:image:type\" content=\"image\/jpeg\" \/>\n<meta name=\"twitter:card\" content=\"summary_large_image\" \/>\n<meta name=\"twitter:label1\" content=\"Tiempo de lectura\" \/>\n\t<meta name=\"twitter:data1\" content=\"1 minuto\" \/>\n<script type=\"application\/ld+json\" class=\"yoast-schema-graph\">{\"@context\":\"https:\/\/schema.org\",\"@graph\":[{\"@type\":\"WebPage\",\"@id\":\"https:\/\/sonidoraiz.com\/es\/producto\/uke-canciones-medicina\/\",\"url\":\"https:\/\/sonidoraiz.com\/es\/producto\/uke-canciones-medicina\/\",\"name\":\"Ukelele y Canciones Medicina - Sonido Ra\u00edz\",\"isPartOf\":{\"@id\":\"https:\/\/sonidoraiz.com\/es\/#website\"},\"primaryImageOfPage\":{\"@id\":\"https:\/\/sonidoraiz.com\/es\/producto\/uke-canciones-medicina\/#primaryimage\"},\"image\":{\"@id\":\"https:\/\/sonidoraiz.com\/es\/producto\/uke-canciones-medicina\/#primaryimage\"},\"thumbnailUrl\":\"https:\/\/sonidoraiz.com\/wp-content\/uploads\/2025\/07\/avatar-1-scaled.jpg\",\"datePublished\":\"2025-07-29T16:20:22+00:00\",\"dateModified\":\"2025-08-29T17:35:24+00:00\",\"description\":\"En este curso aprender\u00e1s a tocar en el ukelele y a cantar diez canciones medicina de diferentes culturas, conect\u00e1ndote con la belleza de esta m\u00fasica.\",\"breadcrumb\":{\"@id\":\"https:\/\/sonidoraiz.com\/es\/producto\/uke-canciones-medicina\/#breadcrumb\"},\"inLanguage\":\"es\",\"potentialAction\":[{\"@type\":\"ReadAction\",\"target\":[\"https:\/\/sonidoraiz.com\/es\/producto\/uke-canciones-medicina\/\"]}]},{\"@type\":\"ImageObject\",\"inLanguage\":\"es\",\"@id\":\"https:\/\/sonidoraiz.com\/es\/producto\/uke-canciones-medicina\/#primaryimage\",\"url\":\"https:\/\/sonidoraiz.com\/wp-content\/uploads\/2025\/07\/avatar-1-scaled.jpg\",\"contentUrl\":\"https:\/\/sonidoraiz.com\/wp-content\/uploads\/2025\/07\/avatar-1-scaled.jpg\",\"width\":2560,\"height\":2560},{\"@type\":\"BreadcrumbList\",\"@id\":\"https:\/\/sonidoraiz.com\/es\/producto\/uke-canciones-medicina\/#breadcrumb\",\"itemListElement\":[{\"@type\":\"ListItem\",\"position\":1,\"name\":\"Portada\",\"item\":\"https:\/\/sonidoraiz.com\/es\/\"},{\"@type\":\"ListItem\",\"position\":2,\"name\":\"Productos\",\"item\":\"https:\/\/sonidoraiz.com\/es\/shop\/\"},{\"@type\":\"ListItem\",\"position\":3,\"name\":\"Ukelele y Canciones Medicina\"}]},{\"@type\":\"WebSite\",\"@id\":\"https:\/\/sonidoraiz.com\/es\/#website\",\"url\":\"https:\/\/sonidoraiz.com\/es\/\",\"name\":\"Sonido Raiz\",\"description\":\"Flor Ansaldo - Sonido Raiz - Sonoterapia\",\"publisher\":{\"@id\":\"https:\/\/sonidoraiz.com\/es\/#organization\"},\"inLanguage\":\"es\"},{\"@type\":\"Organization\",\"@id\":\"https:\/\/sonidoraiz.com\/es\/#organization\",\"name\":\"Sonido Raiz\",\"url\":\"https:\/\/sonidoraiz.com\/es\/\",\"logo\":{\"@type\":\"ImageObject\",\"inLanguage\":\"es\",\"@id\":\"https:\/\/sonidoraiz.com\/es\/#\/schema\/logo\/image\/\",\"url\":\"https:\/\/sonidoraiz.com\/wp-content\/uploads\/2024\/03\/logo-header.png\",\"contentUrl\":\"https:\/\/sonidoraiz.com\/wp-content\/uploads\/2024\/03\/logo-header.png\",\"width\":2727,\"height\":1474,\"caption\":\"Sonido Raiz\"},\"image\":{\"@id\":\"https:\/\/sonidoraiz.com\/es\/#\/schema\/logo\/image\/\"},\"sameAs\":[\"https:\/\/www.tiktok.com\/@sonidoraiz\",\"https:\/\/www.instagram.com\/sonidoraiz\"]}]}<\/script>\n<!-- \/ Yoast SEO plugin. -->","yoast_head_json":{"title":"Ukelele y Canciones Medicina - Sonido Ra\u00edz","description":"En este curso aprender\u00e1s a tocar en el ukelele y a cantar diez canciones medicina de diferentes culturas, conect\u00e1ndote con la belleza de esta m\u00fasica.","robots":{"index":"index","follow":"follow","max-snippet":"max-snippet:-1","max-image-preview":"max-image-preview:large","max-video-preview":"max-video-preview:-1"},"canonical":"https:\/\/sonidoraiz.com\/es\/producto\/uke-canciones-medicina\/","og_locale":"es_ES","og_type":"article","og_title":"Ukelele y Canciones Medicina - Sonido Ra\u00edz","og_description":"En este curso aprender\u00e1s a tocar en el ukelele y a cantar diez canciones medicina de diferentes culturas, conect\u00e1ndote con la belleza de esta m\u00fasica.","og_url":"https:\/\/sonidoraiz.com\/es\/producto\/uke-canciones-medicina\/","og_site_name":"Sonido Ra\u00edz","article_publisher":"https:\/\/www.tiktok.com\/@sonidoraiz","article_modified_time":"2025-08-29T17:35:24+00:00","og_image":[{"width":2560,"height":2560,"url":"https:\/\/sonidoraiz.com\/wp-content\/uploads\/2025\/07\/avatar-1-scaled.jpg","type":"image\/jpeg"}],"twitter_card":"summary_large_image","twitter_misc":{"Tiempo de lectura":"1 minuto"},"schema":{"@context":"https:\/\/schema.org","@graph":[{"@type":"WebPage","@id":"https:\/\/sonidoraiz.com\/es\/producto\/uke-canciones-medicina\/","url":"https:\/\/sonidoraiz.com\/es\/producto\/uke-canciones-medicina\/","name":"Ukelele y Canciones Medicina - Sonido Ra\u00edz","isPartOf":{"@id":"https:\/\/sonidoraiz.com\/es\/#website"},"primaryImageOfPage":{"@id":"https:\/\/sonidoraiz.com\/es\/producto\/uke-canciones-medicina\/#primaryimage"},"image":{"@id":"https:\/\/sonidoraiz.com\/es\/producto\/uke-canciones-medicina\/#primaryimage"},"thumbnailUrl":"https:\/\/sonidoraiz.com\/wp-content\/uploads\/2025\/07\/avatar-1-scaled.jpg","datePublished":"2025-07-29T16:20:22+00:00","dateModified":"2025-08-29T17:35:24+00:00","description":"En este curso aprender\u00e1s a tocar en el ukelele y a cantar diez canciones medicina de diferentes culturas, conect\u00e1ndote con la belleza de esta m\u00fasica.","breadcrumb":{"@id":"https:\/\/sonidoraiz.com\/es\/producto\/uke-canciones-medicina\/#breadcrumb"},"inLanguage":"es","potentialAction":[{"@type":"ReadAction","target":["https:\/\/sonidoraiz.com\/es\/producto\/uke-canciones-medicina\/"]}]},{"@type":"ImageObject","inLanguage":"es","@id":"https:\/\/sonidoraiz.com\/es\/producto\/uke-canciones-medicina\/#primaryimage","url":"https:\/\/sonidoraiz.com\/wp-content\/uploads\/2025\/07\/avatar-1-scaled.jpg","contentUrl":"https:\/\/sonidoraiz.com\/wp-content\/uploads\/2025\/07\/avatar-1-scaled.jpg","width":2560,"height":2560},{"@type":"BreadcrumbList","@id":"https:\/\/sonidoraiz.com\/es\/producto\/uke-canciones-medicina\/#breadcrumb","itemListElement":[{"@type":"ListItem","position":1,"name":"Portada","item":"https:\/\/sonidoraiz.com\/es\/"},{"@type":"ListItem","position":2,"name":"Productos","item":"https:\/\/sonidoraiz.com\/es\/shop\/"},{"@type":"ListItem","position":3,"name":"Ukelele y Canciones Medicina"}]},{"@type":"WebSite","@id":"https:\/\/sonidoraiz.com\/es\/#website","url":"https:\/\/sonidoraiz.com\/es\/","name":"Sonido Raiz","description":"Flor Ansaldo - Sonido Raiz - Sonoterapia","publisher":{"@id":"https:\/\/sonidoraiz.com\/es\/#organization"},"inLanguage":"es"},{"@type":"Organization","@id":"https:\/\/sonidoraiz.com\/es\/#organization","name":"Sonido Raiz","url":"https:\/\/sonidoraiz.com\/es\/","logo":{"@type":"ImageObject","inLanguage":"es","@id":"https:\/\/sonidoraiz.com\/es\/#\/schema\/logo\/image\/","url":"https:\/\/sonidoraiz.com\/wp-content\/uploads\/2024\/03\/logo-header.png","contentUrl":"https:\/\/sonidoraiz.com\/wp-content\/uploads\/2024\/03\/logo-header.png","width":2727,"height":1474,"caption":"Sonido Raiz"},"image":{"@id":"https:\/\/sonidoraiz.com\/es\/#\/schema\/logo\/image\/"},"sameAs":["https:\/\/www.tiktok.com\/@sonidoraiz","https:\/\/www.instagram.com\/sonidoraiz"]}]}},"_links":{"self":[{"href":"https:\/\/sonidoraiz.com\/es\/wp-json\/wp\/v2\/product\/5650","targetHints":{"allow":["GET"]}}],"collection":[{"href":"https:\/\/sonidoraiz.com\/es\/wp-json\/wp\/v2\/product"}],"about":[{"href":"https:\/\/sonidoraiz.com\/es\/wp-json\/wp\/v2\/types\/product"}],"wp:featuredmedia":[{"embeddable":true,"href":"https:\/\/sonidoraiz.com\/es\/wp-json\/wp\/v2\/media\/5832"}],"wp:attachment":[{"href":"https:\/\/sonidoraiz.com\/es\/wp-json\/wp\/v2\/media?parent=5650"}],"wp:term":[{"taxonomy":"product_brand","embeddable":true,"href":"https:\/\/sonidoraiz.com\/es\/wp-json\/wp\/v2\/product_brand?post=5650"},{"taxonomy":"product_cat","embeddable":true,"href":"https:\/\/sonidoraiz.com\/es\/wp-json\/wp\/v2\/product_cat?post=5650"},{"taxonomy":"product_tag","embeddable":true,"href":"https:\/\/sonidoraiz.com\/es\/wp-json\/wp\/v2\/product_tag?post=5650"}],"curies":[{"name":"wp","href":"https:\/\/api.w.org\/{rel}","templated":true}]}}