{"id":6648,"date":"2025-12-19T18:03:46","date_gmt":"2025-12-19T18:03:46","guid":{"rendered":"https:\/\/sonidoraiz.com\/?post_type=product&#038;p=6648"},"modified":"2025-12-19T18:20:20","modified_gmt":"2025-12-19T18:20:20","slug":"curso-tambor-chamanico","status":"publish","type":"product","link":"https:\/\/sonidoraiz.com\/es\/producto\/curso-tambor-chamanico\/","title":{"rendered":"Tambor Chamanico"},"content":{"rendered":"<div class=\"is-root-container is-desktop-preview is-layout-flow wp-block-post-content-is-layout-flow wp-block-post-content block-editor-block-list__layout\">\n<p id=\"block-6099cd19-9b65-4cff-9c7f-b281ed53a075\" class=\"block-editor-rich-text__editable block-editor-block-list__block wp-block is-selected wp-block-paragraph rich-text is-hovered\" role=\"document\" contenteditable=\"true\" aria-multiline=\"true\" aria-label=\"Bloque: P\u00e1rrafo\" aria-readonly=\"false\" data-block=\"6099cd19-9b65-4cff-9c7f-b281ed53a075\" data-type=\"core\/paragraph\" data-title=\"P\u00e1rrafo\" data-empty=\"false\" data-wp-block-attribute-key=\"content\">En este curso vas a recibir 15 Lecciones en video, divididas en 5 m\u00f3dulos te\u00f3rico\/ pr\u00e1cticos donde vas a aprender todo lo que necesit\u00e1s saber para tocar y crear ritmos con el Tambor Cham\u00e1nico y brindar su sonido a otras personas.<\/p>\n<\/div>\n<p>Adem\u00e1s, vas a recibir:<\/p>\n<ul>\n<li>5 M\u00f3dulos te\u00f3rico\/pr\u00e1cticos.<\/li>\n<li>15 Lecciones en video.<\/li>\n<li>1 PDF gu\u00eda, que te va a acompa\u00f1ar durante el proceso de aprendizaje.<\/li>\n<li>Acceso al aula virtual por 1 a\u00f1o.<\/li>\n<\/ul>\n<p><strong>\u00bfCu\u00e1ndo?<\/strong> Todo el material se encuentra pre-grabado y podr\u00e1s acceder al mismo desde el aula virtual.<\/p>\n<p><strong>Modalidad:<\/strong> Pre-grabado.<\/p>\n<p>&nbsp;<\/p>\n<p>*\u00a0No se requieren conocimientos previos de m\u00fasica.<\/p>\n<p>&nbsp;<\/p>\n","protected":false},"excerpt":{"rendered":"<div class=\"elementor-element elementor-element-3ca3f9a elementor-widget elementor-widget-text-editor\" data-id=\"3ca3f9a\" data-element_type=\"widget\" data-widget_type=\"text-editor.default\">\n<div class=\"elementor-widget-container\">\n<p>5 M\u00f3dulos Te\u00f3rico\/Pr\u00e1cticos<\/p>\n<p>15 Lecciones grabadas.<\/p>\n<p>1 PDF Gu\u00eda para descargar.<\/p>\n<p>Acceso al aula virtual y a las grabaciones por 1 a\u00f1o.<\/p>\n<\/div>\n<\/div>\n","protected":false},"featured_media":6649,"template":"","meta":{"site-sidebar-layout":"default","site-content-layout":"","ast-site-content-layout":"default","site-content-style":"default","site-sidebar-style":"default","ast-global-header-display":"","ast-banner-title-visibility":"","ast-main-header-display":"","ast-hfb-above-header-display":"","ast-hfb-below-header-display":"","ast-hfb-mobile-header-display":"","site-post-title":"","ast-breadcrumbs-content":"","ast-featured-img":"","footer-sml-layout":"","theme-transparent-header-meta":"default","adv-header-id-meta":"","stick-header-meta":"","header-above-stick-meta":"","header-main-stick-meta":"","header-below-stick-meta":"","astra-migrate-meta-layouts":"set","ast-page-background-enabled":"default","ast-page-background-meta":{"desktop":{"background-color":"var(--ast-global-color-4)","background-image":"","background-repeat":"repeat","background-position":"center center","background-size":"auto","background-attachment":"scroll","background-type":"","background-media":"","overlay-type":"","overlay-color":"","overlay-opacity":"","overlay-gradient":""},"tablet":{"background-color":"","background-image":"","background-repeat":"repeat","background-position":"center center","background-size":"auto","background-attachment":"scroll","background-type":"","background-media":"","overlay-type":"","overlay-color":"","overlay-opacity":"","overlay-gradient":""},"mobile":{"background-color":"","background-image":"","background-repeat":"repeat","background-position":"center center","background-size":"auto","background-attachment":"scroll","background-type":"","background-media":"","overlay-type":"","overlay-color":"","overlay-opacity":"","overlay-gradient":""}},"ast-content-background-meta":{"desktop":{"background-color":"var(--ast-global-color-5)","background-image":"","background-repeat":"repeat","background-position":"center center","background-size":"auto","background-attachment":"scroll","background-type":"","background-media":"","overlay-type":"","overlay-color":"","overlay-opacity":"","overlay-gradient":""},"tablet":{"background-color":"var(--ast-global-color-5)","background-image":"","background-repeat":"repeat","background-position":"center center","background-size":"auto","background-attachment":"scroll","background-type":"","background-media":"","overlay-type":"","overlay-color":"","overlay-opacity":"","overlay-gradient":""},"mobile":{"background-color":"var(--ast-global-color-5)","background-image":"","background-repeat":"repeat","background-position":"center center","background-size":"auto","background-attachment":"scroll","background-type":"","background-media":"","overlay-type":"","overlay-color":"","overlay-opacity":"","overlay-gradient":""}}},"product_brand":[],"product_cat":[55],"product_tag":[82,86,59,213,226],"class_list":{"0":"post-6648","1":"product","2":"type-product","3":"status-publish","4":"has-post-thumbnail","6":"product_cat-cursos","7":"product_tag-canto","8":"product_tag-mantras","9":"product_tag-meditacion","10":"product_tag-sonoterapia","11":"product_tag-tambor-chamanico","12":"desktop-align-left","13":"tablet-align-left","14":"mobile-align-left","16":"first","17":"instock","18":"virtual","19":"sold-individually","20":"purchasable","21":"product-type-course"},"yoast_head":"<!-- This site is optimized with the Yoast SEO plugin v23.8 - https:\/\/yoast.com\/wordpress\/plugins\/seo\/ -->\n<title>Tambor Chamanico - Sonido Ra\u00edz<\/title>\n<meta name=\"description\" content=\"Aprende a tocar y crear ritmos con tu Tambor Cham\u00e1nico en este curso online completo y brinda su sonido a otras personas de forma consciente y profunda.\" \/>\n<meta name=\"robots\" content=\"index, follow, max-snippet:-1, max-image-preview:large, max-video-preview:-1\" \/>\n<link rel=\"canonical\" href=\"https:\/\/sonidoraiz.com\/es\/producto\/curso-tambor-chamanico\/\" \/>\n<meta property=\"og:locale\" content=\"es_ES\" \/>\n<meta property=\"og:type\" content=\"article\" \/>\n<meta property=\"og:title\" content=\"Tambor Chamanico - Sonido Ra\u00edz\" \/>\n<meta property=\"og:description\" content=\"Aprende a tocar y crear ritmos con tu Tambor Cham\u00e1nico en este curso online completo y brinda su sonido a otras personas de forma consciente y profunda.\" \/>\n<meta property=\"og:url\" content=\"https:\/\/sonidoraiz.com\/es\/producto\/curso-tambor-chamanico\/\" \/>\n<meta property=\"og:site_name\" content=\"Sonido Ra\u00edz\" \/>\n<meta property=\"article:publisher\" content=\"https:\/\/www.tiktok.com\/@sonidoraiz\" \/>\n<meta property=\"article:modified_time\" content=\"2025-12-19T18:20:20+00:00\" \/>\n<meta property=\"og:image\" content=\"https:\/\/sonidoraiz.com\/wp-content\/uploads\/2025\/12\/Beige-and-Brown-Elegant-Coming-Soon-Instagram-Post.jpg\" \/>\n\t<meta property=\"og:image:width\" content=\"500\" \/>\n\t<meta property=\"og:image:height\" content=\"500\" \/>\n\t<meta property=\"og:image:type\" content=\"image\/jpeg\" \/>\n<meta name=\"twitter:card\" content=\"summary_large_image\" \/>\n<meta name=\"twitter:label1\" content=\"Tiempo de lectura\" \/>\n\t<meta name=\"twitter:data1\" content=\"1 minuto\" \/>\n<script type=\"application\/ld+json\" class=\"yoast-schema-graph\">{\"@context\":\"https:\/\/schema.org\",\"@graph\":[{\"@type\":\"WebPage\",\"@id\":\"https:\/\/sonidoraiz.com\/es\/producto\/curso-tambor-chamanico\/\",\"url\":\"https:\/\/sonidoraiz.com\/es\/producto\/curso-tambor-chamanico\/\",\"name\":\"Tambor Chamanico - Sonido Ra\u00edz\",\"isPartOf\":{\"@id\":\"https:\/\/sonidoraiz.com\/es\/#website\"},\"primaryImageOfPage\":{\"@id\":\"https:\/\/sonidoraiz.com\/es\/producto\/curso-tambor-chamanico\/#primaryimage\"},\"image\":{\"@id\":\"https:\/\/sonidoraiz.com\/es\/producto\/curso-tambor-chamanico\/#primaryimage\"},\"thumbnailUrl\":\"https:\/\/sonidoraiz.com\/wp-content\/uploads\/2025\/12\/Beige-and-Brown-Elegant-Coming-Soon-Instagram-Post.jpg\",\"datePublished\":\"2025-12-19T18:03:46+00:00\",\"dateModified\":\"2025-12-19T18:20:20+00:00\",\"description\":\"Aprende a tocar y crear ritmos con tu Tambor Cham\u00e1nico en este curso online completo y brinda su sonido a otras personas de forma consciente y profunda.\",\"breadcrumb\":{\"@id\":\"https:\/\/sonidoraiz.com\/es\/producto\/curso-tambor-chamanico\/#breadcrumb\"},\"inLanguage\":\"es\",\"potentialAction\":[{\"@type\":\"ReadAction\",\"target\":[\"https:\/\/sonidoraiz.com\/es\/producto\/curso-tambor-chamanico\/\"]}]},{\"@type\":\"ImageObject\",\"inLanguage\":\"es\",\"@id\":\"https:\/\/sonidoraiz.com\/es\/producto\/curso-tambor-chamanico\/#primaryimage\",\"url\":\"https:\/\/sonidoraiz.com\/wp-content\/uploads\/2025\/12\/Beige-and-Brown-Elegant-Coming-Soon-Instagram-Post.jpg\",\"contentUrl\":\"https:\/\/sonidoraiz.com\/wp-content\/uploads\/2025\/12\/Beige-and-Brown-Elegant-Coming-Soon-Instagram-Post.jpg\",\"width\":500,\"height\":500},{\"@type\":\"BreadcrumbList\",\"@id\":\"https:\/\/sonidoraiz.com\/es\/producto\/curso-tambor-chamanico\/#breadcrumb\",\"itemListElement\":[{\"@type\":\"ListItem\",\"position\":1,\"name\":\"Portada\",\"item\":\"https:\/\/sonidoraiz.com\/es\/\"},{\"@type\":\"ListItem\",\"position\":2,\"name\":\"Productos\",\"item\":\"https:\/\/sonidoraiz.com\/es\/shop\/\"},{\"@type\":\"ListItem\",\"position\":3,\"name\":\"Tambor Chamanico\"}]},{\"@type\":\"WebSite\",\"@id\":\"https:\/\/sonidoraiz.com\/es\/#website\",\"url\":\"https:\/\/sonidoraiz.com\/es\/\",\"name\":\"Sonido Raiz\",\"description\":\"Flor Ansaldo - Sonido Raiz - Sonoterapia\",\"publisher\":{\"@id\":\"https:\/\/sonidoraiz.com\/es\/#organization\"},\"inLanguage\":\"es\"},{\"@type\":\"Organization\",\"@id\":\"https:\/\/sonidoraiz.com\/es\/#organization\",\"name\":\"Sonido Raiz\",\"url\":\"https:\/\/sonidoraiz.com\/es\/\",\"logo\":{\"@type\":\"ImageObject\",\"inLanguage\":\"es\",\"@id\":\"https:\/\/sonidoraiz.com\/es\/#\/schema\/logo\/image\/\",\"url\":\"https:\/\/sonidoraiz.com\/wp-content\/uploads\/2024\/03\/logo-header.png\",\"contentUrl\":\"https:\/\/sonidoraiz.com\/wp-content\/uploads\/2024\/03\/logo-header.png\",\"width\":2727,\"height\":1474,\"caption\":\"Sonido Raiz\"},\"image\":{\"@id\":\"https:\/\/sonidoraiz.com\/es\/#\/schema\/logo\/image\/\"},\"sameAs\":[\"https:\/\/www.tiktok.com\/@sonidoraiz\",\"https:\/\/www.instagram.com\/sonidoraiz\"]}]}<\/script>\n<!-- \/ Yoast SEO plugin. -->","yoast_head_json":{"title":"Tambor Chamanico - Sonido Ra\u00edz","description":"Aprende a tocar y crear ritmos con tu Tambor Cham\u00e1nico en este curso online completo y brinda su sonido a otras personas de forma consciente y profunda.","robots":{"index":"index","follow":"follow","max-snippet":"max-snippet:-1","max-image-preview":"max-image-preview:large","max-video-preview":"max-video-preview:-1"},"canonical":"https:\/\/sonidoraiz.com\/es\/producto\/curso-tambor-chamanico\/","og_locale":"es_ES","og_type":"article","og_title":"Tambor Chamanico - Sonido Ra\u00edz","og_description":"Aprende a tocar y crear ritmos con tu Tambor Cham\u00e1nico en este curso online completo y brinda su sonido a otras personas de forma consciente y profunda.","og_url":"https:\/\/sonidoraiz.com\/es\/producto\/curso-tambor-chamanico\/","og_site_name":"Sonido Ra\u00edz","article_publisher":"https:\/\/www.tiktok.com\/@sonidoraiz","article_modified_time":"2025-12-19T18:20:20+00:00","og_image":[{"width":500,"height":500,"url":"https:\/\/sonidoraiz.com\/wp-content\/uploads\/2025\/12\/Beige-and-Brown-Elegant-Coming-Soon-Instagram-Post.jpg","type":"image\/jpeg"}],"twitter_card":"summary_large_image","twitter_misc":{"Tiempo de lectura":"1 minuto"},"schema":{"@context":"https:\/\/schema.org","@graph":[{"@type":"WebPage","@id":"https:\/\/sonidoraiz.com\/es\/producto\/curso-tambor-chamanico\/","url":"https:\/\/sonidoraiz.com\/es\/producto\/curso-tambor-chamanico\/","name":"Tambor Chamanico - Sonido Ra\u00edz","isPartOf":{"@id":"https:\/\/sonidoraiz.com\/es\/#website"},"primaryImageOfPage":{"@id":"https:\/\/sonidoraiz.com\/es\/producto\/curso-tambor-chamanico\/#primaryimage"},"image":{"@id":"https:\/\/sonidoraiz.com\/es\/producto\/curso-tambor-chamanico\/#primaryimage"},"thumbnailUrl":"https:\/\/sonidoraiz.com\/wp-content\/uploads\/2025\/12\/Beige-and-Brown-Elegant-Coming-Soon-Instagram-Post.jpg","datePublished":"2025-12-19T18:03:46+00:00","dateModified":"2025-12-19T18:20:20+00:00","description":"Aprende a tocar y crear ritmos con tu Tambor Cham\u00e1nico en este curso online completo y brinda su sonido a otras personas de forma consciente y profunda.","breadcrumb":{"@id":"https:\/\/sonidoraiz.com\/es\/producto\/curso-tambor-chamanico\/#breadcrumb"},"inLanguage":"es","potentialAction":[{"@type":"ReadAction","target":["https:\/\/sonidoraiz.com\/es\/producto\/curso-tambor-chamanico\/"]}]},{"@type":"ImageObject","inLanguage":"es","@id":"https:\/\/sonidoraiz.com\/es\/producto\/curso-tambor-chamanico\/#primaryimage","url":"https:\/\/sonidoraiz.com\/wp-content\/uploads\/2025\/12\/Beige-and-Brown-Elegant-Coming-Soon-Instagram-Post.jpg","contentUrl":"https:\/\/sonidoraiz.com\/wp-content\/uploads\/2025\/12\/Beige-and-Brown-Elegant-Coming-Soon-Instagram-Post.jpg","width":500,"height":500},{"@type":"BreadcrumbList","@id":"https:\/\/sonidoraiz.com\/es\/producto\/curso-tambor-chamanico\/#breadcrumb","itemListElement":[{"@type":"ListItem","position":1,"name":"Portada","item":"https:\/\/sonidoraiz.com\/es\/"},{"@type":"ListItem","position":2,"name":"Productos","item":"https:\/\/sonidoraiz.com\/es\/shop\/"},{"@type":"ListItem","position":3,"name":"Tambor Chamanico"}]},{"@type":"WebSite","@id":"https:\/\/sonidoraiz.com\/es\/#website","url":"https:\/\/sonidoraiz.com\/es\/","name":"Sonido Raiz","description":"Flor Ansaldo - Sonido Raiz - Sonoterapia","publisher":{"@id":"https:\/\/sonidoraiz.com\/es\/#organization"},"inLanguage":"es"},{"@type":"Organization","@id":"https:\/\/sonidoraiz.com\/es\/#organization","name":"Sonido Raiz","url":"https:\/\/sonidoraiz.com\/es\/","logo":{"@type":"ImageObject","inLanguage":"es","@id":"https:\/\/sonidoraiz.com\/es\/#\/schema\/logo\/image\/","url":"https:\/\/sonidoraiz.com\/wp-content\/uploads\/2024\/03\/logo-header.png","contentUrl":"https:\/\/sonidoraiz.com\/wp-content\/uploads\/2024\/03\/logo-header.png","width":2727,"height":1474,"caption":"Sonido Raiz"},"image":{"@id":"https:\/\/sonidoraiz.com\/es\/#\/schema\/logo\/image\/"},"sameAs":["https:\/\/www.tiktok.com\/@sonidoraiz","https:\/\/www.instagram.com\/sonidoraiz"]}]}},"_links":{"self":[{"href":"https:\/\/sonidoraiz.com\/es\/wp-json\/wp\/v2\/product\/6648","targetHints":{"allow":["GET"]}}],"collection":[{"href":"https:\/\/sonidoraiz.com\/es\/wp-json\/wp\/v2\/product"}],"about":[{"href":"https:\/\/sonidoraiz.com\/es\/wp-json\/wp\/v2\/types\/product"}],"wp:featuredmedia":[{"embeddable":true,"href":"https:\/\/sonidoraiz.com\/es\/wp-json\/wp\/v2\/media\/6649"}],"wp:attachment":[{"href":"https:\/\/sonidoraiz.com\/es\/wp-json\/wp\/v2\/media?parent=6648"}],"wp:term":[{"taxonomy":"product_brand","embeddable":true,"href":"https:\/\/sonidoraiz.com\/es\/wp-json\/wp\/v2\/product_brand?post=6648"},{"taxonomy":"product_cat","embeddable":true,"href":"https:\/\/sonidoraiz.com\/es\/wp-json\/wp\/v2\/product_cat?post=6648"},{"taxonomy":"product_tag","embeddable":true,"href":"https:\/\/sonidoraiz.com\/es\/wp-json\/wp\/v2\/product_tag?post=6648"}],"curies":[{"name":"wp","href":"https:\/\/api.w.org\/{rel}","templated":true}]}}